{"id":2980,"date":"2025-12-16T13:10:07","date_gmt":"2025-12-16T18:10:07","guid":{"rendered":"https:\/\/especiasbi.com\/tienda\/?page_id=2980"},"modified":"2025-12-16T15:01:26","modified_gmt":"2025-12-16T20:01:26","slug":"politica-de-privacidad","status":"publish","type":"page","link":"https:\/\/especiasbi.com\/tienda\/politica-de-privacidad\/","title":{"rendered":"Pol\u00edtica de privacidad"},"content":{"rendered":"\t\t<div data-elementor-type=\"wp-page\" data-elementor-id=\"2980\" class=\"elementor elementor-2980\">\n\t\t\t\t<div class=\"elementor-element elementor-element-229043f e-con-full e-flex e-con e-parent\" data-id=\"229043f\" data-element_type=\"container\" data-e-type=\"container\">\n\t\t\t\t<div class=\"elementor-element elementor-element-1399729 elementor-widget elementor-widget-image\" data-id=\"1399729\" data-element_type=\"widget\" data-e-type=\"widget\" data-widget_type=\"image.default\">\n\t\t\t\t<div class=\"elementor-widget-container\">\n\t\t\t\t\t\t\t\t\t\t\t\t\t\t\t<img fetchpriority=\"high\" decoding=\"async\" width=\"1408\" height=\"447\" src=\"https:\/\/especiasbi.com\/tienda\/wp-content\/uploads\/2025\/12\/Politica-de-Privacidad-21408x447-137k.jpg\" class=\"attachment-full size-full wp-image-2985\" alt=\"politica de privacidad 21408x447 137k\" srcset=\"https:\/\/especiasbi.com\/tienda\/wp-content\/uploads\/2025\/12\/Politica-de-Privacidad-21408x447-137k.jpg 1408w, https:\/\/especiasbi.com\/tienda\/wp-content\/uploads\/2025\/12\/Politica-de-Privacidad-21408x447-137k-300x95.jpg 300w, https:\/\/especiasbi.com\/tienda\/wp-content\/uploads\/2025\/12\/Politica-de-Privacidad-21408x447-137k-1024x325.jpg 1024w, https:\/\/especiasbi.com\/tienda\/wp-content\/uploads\/2025\/12\/Politica-de-Privacidad-21408x447-137k-768x244.jpg 768w, https:\/\/especiasbi.com\/tienda\/wp-content\/uploads\/2025\/12\/Politica-de-Privacidad-21408x447-137k-600x190.jpg 600w\" sizes=\"(max-width: 1408px) 100vw, 1408px\" title=\"Pol\u00edtica de privacidad\">\t\t\t\t\t\t\t\t\t\t\t\t\t\t\t<\/div>\n\t\t\t\t<\/div>\n\t\t\t\t<\/div>\n\t\t<div class=\"elementor-element elementor-element-107b15b8 e-flex e-con-boxed e-con e-parent\" data-id=\"107b15b8\" data-element_type=\"container\" data-e-type=\"container\">\n\t\t\t\t\t<div class=\"e-con-inner\">\n\t\t\t\t<div class=\"elementor-element elementor-element-6f8919b5 elementor-widget elementor-widget-text-editor\" data-id=\"6f8919b5\" data-element_type=\"widget\" data-e-type=\"widget\" data-widget_type=\"text-editor.default\">\n\t\t\t\t<div class=\"elementor-widget-container\">\n\t\t\t\t\t\t\t\t\t\n<h2 class=\"wp-block-heading\"><strong>Nuestra Pol\u00edtica\u00a0<\/strong><\/h2>\n<h6><em>( \u00daltima actualizaci\u00f3n 3\/12\/2025 )<\/em><\/h6>\n<p>En <strong>Especias Bi<\/strong> respetamos la privacidad de nuestros clientes y garantizamos la seguridad de la informaci\u00f3n proporcionada al realizar compras a trav\u00e9s de <em><strong>especiasbi.com<\/strong><\/em>. Esta pol\u00edtica explica c\u00f3mo se maneja tu informaci\u00f3n en el marco de nuestra operaci\u00f3n;\u00a0c\u00f3mo recopilamos, utilizamos y protegemos la informaci\u00f3n personal que nos proporcionas al utilizar nuestro sitio web y nuestros servicios.<\/p>\n<h2><strong>Qui\u00e9nes somos<\/strong><\/h2>\n<p>La direcci\u00f3n de nuestra web es: <strong><em>https:\/\/especiasbi.com<\/em><\/strong>. Si deseas saber m\u00e1s a detalle de nosotros, lo invitamos a redirigirse a la p\u00e1gina QUI\u00c9NES SOMOS <em><strong>(https:\/\/especiasbi.com\/qienes-somos\/)<\/strong><\/em> en nuestra web.<\/p>\n<h2><strong>Informaci\u00f3n que recopilamos<\/strong><\/h2>\n<p>Podemos recopilar la siguiente informaci\u00f3n cuando interact\u00faas con nuestra tienda online:<\/p>\n<ul>\n<li>Nombre completo y datos de contacto (correo electr\u00f3nico, tel\u00e9fono, direcci\u00f3n).<\/li>\n<li>Informaci\u00f3n de facturaci\u00f3n y env\u00edo.<\/li>\n<li>Datos de navegaci\u00f3n y uso del sitio (cookies, direcci\u00f3n IP, tipo de dispositivo).<\/li>\n<\/ul>\n<h2><strong>Uso de la informaci\u00f3n<\/strong><\/h2>\n<p>La informaci\u00f3n recopilada se utiliza \u00fanicamente para:<\/p>\n<ul>\n<li>Procesar pedidos y realizar env\u00edos.<\/li>\n<li>Enviar confirmaciones, notificaciones y actualizaciones sobre tus compras.<\/li>\n<li>Ofrecer atenci\u00f3n al cliente personalizada.<\/li>\n<li>Informarte sobre promociones, novedades o productos relacionados (si lo autorizas).<\/li>\n<li>Mejorar la experiencia en nuestro sitio web.<\/li>\n<\/ul>\n<h2><strong>Protecci\u00f3n de la informaci\u00f3n<\/strong><\/h2>\n<p>Implementamos medidas de seguridad f\u00edsicas, electr\u00f3nicas y administrativas para proteger tus datos contra accesos no autorizados, alteraciones o divulgaciones indebidas.<\/p>\n<h2><strong>Comentarios<\/strong><\/h2>\n<p>Cuando los visitantes dejan comentarios en la web, recopilamos los datos que se muestran en el formulario de comentarios, as\u00ed como la direcci\u00f3n IP del visitante y la cadena de agentes de usuario del navegador para ayudar a la detecci\u00f3n de spam.<\/p>\n<p>Una cadena an\u00f3nima creada a partir de tu direcci\u00f3n de correo electr\u00f3nico (tambi\u00e9n llamada hash) puede ser proporcionada al servicio de Gravatar para ver si la est\u00e1s usando. La pol\u00edtica de privacidad del servicio Gravatar est\u00e1 disponible aqu\u00ed: https:\/\/automattic.com\/privacy\/. Despu\u00e9s de la aprobaci\u00f3n de tu comentario, la imagen de tu perfil es visible para el p\u00fablico en el contexto de tu comentario.<\/p>\n<h2><strong>Medios<\/strong><\/h2>\n<p>Si subes im\u00e1genes a la web, deber\u00edas evitar subir im\u00e1genes con datos de ubicaci\u00f3n (GPS EXIF) incluidos. Los visitantes de la web pueden descargar y extraer cualquier dato de ubicaci\u00f3n de las im\u00e1genes de la web.<\/p>\n<h2><strong>Cookies<\/strong><\/h2>\n<p>Nuestro sitio utiliza cookies para mejorar tu experiencia de navegaci\u00f3n, personalizar contenido y analizar estad\u00edsticas de uso. Puedes desactivar las cookies desde la configuraci\u00f3n de tu navegador, aunque algunas funciones podr\u00edan verse limitadas.<\/p>\n<p>Si dejas un comentario en nuestro sitio puedes elegir guardar tu nombre, direcci\u00f3n de correo electr\u00f3nico y web en cookies. Esto es para tu comodidad, para que no tengas que volver a rellenar tus datos cuando dejes otro comentario. Estas cookies tendr\u00e1n una duraci\u00f3n de un a\u00f1o.<\/p>\n<p>Si tienes una cuenta y te conectas a este sitio, instalaremos una cookie temporal para determinar si tu navegador acepta cookies. Esta cookie no contiene datos personales y se elimina al cerrar el navegador.<\/p>\n<p>Cuando accedas, tambi\u00e9n instalaremos varias cookies para guardar tu informaci\u00f3n de acceso y tus opciones de visualizaci\u00f3n de pantalla. Las cookies de acceso duran dos d\u00edas, y las cookies de opciones de pantalla duran un a\u00f1o. Si seleccionas \u00abRecu\u00e9rdarme\u00bb, tu acceso perdurar\u00e1 durante dos semanas. Si sales de tu cuenta, las cookies de acceso se eliminar\u00e1n.<\/p>\n<p>Si editas o publicas un art\u00edculo se guardar\u00e1 una cookie adicional en tu navegador. Esta cookie no incluye datos personales y simplemente indica el ID del art\u00edculo que acabas de editar. Caduca despu\u00e9s de 1 d\u00eda.<\/p>\n<h2><strong>Contenido incrustado de otros sitios web<\/strong><\/h2>\n<p>Los art\u00edculos de este sitio pueden incluir contenido incrustado (por ejemplo, v\u00eddeos, im\u00e1genes, art\u00edculos, etc.). El contenido incrustado de otras webs se comporta exactamente de la misma manera que si el visitante hubiera visitado la otra web.<\/p>\n<p>Estas web pueden recopilar datos sobre ti, utilizar cookies, incrustar un seguimiento adicional de terceros, y supervisar tu interacci\u00f3n con ese contenido incrustado, incluido el seguimiento de tu interacci\u00f3n con el contenido incrustado si tienes una cuenta y est\u00e1s conectado a esa web.<\/p>\n<h2><strong>Con qui\u00e9n compartimos tus datos<\/strong><\/h2>\n<p>No vendemos ni alquilamos tu informaci\u00f3n personal a terceros. Solo compartimos datos con:<\/p>\n<ul>\n<li>Proveedores de servicios log\u00edsticos y de pago, estrictamente para procesar pedidos.<\/li>\n<li>Autoridades competentes, en caso de requerimiento legal.<\/li>\n<\/ul>\n<p>Si solicitas un restablecimiento de contrase\u00f1a, tu direcci\u00f3n IP ser\u00e1 incluida en el correo electr\u00f3nico de restablecimiento.<\/p>\n<h2><strong>Cu\u00e1nto tiempo conservamos tus datos<\/strong><\/h2>\n<p>Si dejas un comentario, el comentario y sus metadatos se conservan indefinidamente. Esto es para que podamos reconocer y aprobar comentarios sucesivos autom\u00e1ticamente, en lugar de mantenerlos en una cola de moderaci\u00f3n.<\/p>\n<p>De los usuarios que se registran en nuestra web (si los hay), tambi\u00e9n almacenamos la informaci\u00f3n personal que proporcionan en su perfil de usuario. Todos los usuarios pueden ver, editar o eliminar su informaci\u00f3n personal en cualquier momento (excepto que no pueden cambiar su nombre de usuario). Los administradores de la web tambi\u00e9n pueden ver y editar esa informaci\u00f3n.<\/p>\n<h2><strong>Qu\u00e9 derechos tienes sobre tus datos<\/strong><\/h2>\n<p>Tienes derecho a:<\/p>\n<ul>\n<li>Acceder, corregir o eliminar tus datos personales.<\/li>\n<li>Solicitar la suspensi\u00f3n del env\u00edo de comunicaciones comerciales.<\/li>\n<li>Retirar en cualquier momento tu consentimiento para el uso de datos.<\/li>\n<\/ul>\n<p>Para ejercer estos derechos, puedes escribirnos al correo: <em><strong>info@especiasbi.com <\/strong><\/em>o al correo<em><strong> especias.admon@gmail.com<\/strong><\/em>.<\/p>\n<p>Si tienes una cuenta o has dejado comentarios en esta web, puedes solicitar recibir un archivo de exportaci\u00f3n de los datos personales que tenemos sobre ti, incluyendo cualquier dato que nos hayas proporcionado. Tambi\u00e9n puedes solicitar que eliminemos cualquier dato personal que tengamos sobre ti. Esto no incluye ning\u00fan dato que estemos obligados a conservar con fines administrativos, legales o de seguridad.<\/p>\n<h2><strong>Modificaciones a esta pol\u00edtica<\/strong><\/h2>\n<p>Nos reservamos el derecho de actualizar esta Pol\u00edtica de Privacidad en cualquier momento. Los cambios se publicar\u00e1n en esta p\u00e1gina con la fecha de la \u00faltima modificaci\u00f3n. Informaremos Solo a los usuarios que formen parte de nuestras suscripciones o servicios (dado que contamos con sus datos). El resto de usuarios pocos frecuentes en nuestra web, son responsable de ver y leer nuestras pol\u00edticas o modificaciones, y estar al tanto de las m\u00edsmas.<\/p>\n<h2><strong>Contacto<\/strong><\/h2>\n<p>Si tienes preguntas sobre esta Pol\u00edtica de Privacidad o el manejo de tu informaci\u00f3n, cont\u00e1ctanos. En la p\u00e1gina de CONTACTO podr\u00e1s obtener nuestra informaci\u00f3n para ello.<\/p>\t\t\t\t\t\t\t\t<\/div>\n\t\t\t\t<\/div>\n\t\t\t\t\t<\/div>\n\t\t\t\t<\/div>\n\t\t\t\t<\/div>\n\t\t","protected":false},"excerpt":{"rendered":"<p>Nuestra Pol\u00edtica\u00a0 ( \u00daltima actualizaci\u00f3n 3\/12\/2025 ) En Especias Bi respetamos la privacidad de nuestros clientes y garantizamos la seguridad de la informaci\u00f3n proporcionada al realizar compras a trav\u00e9s de especiasbi.com. Esta pol\u00edtica explica c\u00f3mo se maneja tu informaci\u00f3n en el marco de nuestra operaci\u00f3n;\u00a0c\u00f3mo recopilamos, utilizamos y protegemos la informaci\u00f3n personal que nos proporcionas [&hellip;]<\/p>\n","protected":false},"author":1,"featured_media":0,"parent":0,"menu_order":0,"comment_status":"closed","ping_status":"closed","template":"","meta":{"_uag_custom_page_level_css":"","site-sidebar-layout":"default","site-content-layout":"","ast-site-content-layout":"default","site-content-style":"default","site-sidebar-style":"default","ast-global-header-display":"","ast-banner-title-visibility":"","ast-main-header-display":"","ast-hfb-above-header-display":"","ast-hfb-below-header-display":"","ast-hfb-mobile-header-display":"","site-post-title":"","ast-breadcrumbs-content":"","ast-featured-img":"","footer-sml-layout":"","ast-disable-related-posts":"","theme-transparent-header-meta":"","adv-header-id-meta":"","stick-header-meta":"","header-above-stick-meta":"","header-main-stick-meta":"","header-below-stick-meta":"","astra-migrate-meta-layouts":"default","ast-page-background-enabled":"default","ast-page-background-meta":{"desktop":{"background-color":"var(--ast-global-color-4)","background-image":"","background-repeat":"repeat","background-position":"center center","background-size":"auto","background-attachment":"scroll","background-type":"","background-media":"","overlay-type":"","overlay-color":"","overlay-opacity":"","overlay-gradient":""},"tablet":{"background-color":"","background-image":"","background-repeat":"repeat","background-position":"center center","background-size":"auto","background-attachment":"scroll","background-type":"","background-media":"","overlay-type":"","overlay-color":"","overlay-opacity":"","overlay-gradient":""},"mobile":{"background-color":"","background-image":"","background-repeat":"repeat","background-position":"center center","background-size":"auto","background-attachment":"scroll","background-type":"","background-media":"","overlay-type":"","overlay-color":"","overlay-opacity":"","overlay-gradient":""}},"ast-content-background-meta":{"desktop":{"background-color":"var(--ast-global-color-5)","background-image":"","background-repeat":"repeat","background-position":"center center","background-size":"auto","background-attachment":"scroll","background-type":"","background-media":"","overlay-type":"","overlay-color":"","overlay-opacity":"","overlay-gradient":""},"tablet":{"background-color":"var(--ast-global-color-5)","background-image":"","background-repeat":"repeat","background-position":"center center","background-size":"auto","background-attachment":"scroll","background-type":"","background-media":"","overlay-type":"","overlay-color":"","overlay-opacity":"","overlay-gradient":""},"mobile":{"background-color":"var(--ast-global-color-5)","background-image":"","background-repeat":"repeat","background-position":"center center","background-size":"auto","background-attachment":"scroll","background-type":"","background-media":"","overlay-type":"","overlay-color":"","overlay-opacity":"","overlay-gradient":""}},"_joinchat":[],"footnotes":""},"class_list":["post-2980","page","type-page","status-publish","hentry"],"_hostinger_reach_plugin_has_subscription_block":false,"_hostinger_reach_plugin_is_elementor":false,"uagb_featured_image_src":{"full":false,"thumbnail":false,"medium":false,"medium_large":false,"large":false,"1536x1536":false,"2048x2048":false,"woocommerce_thumbnail":false,"woocommerce_single":false,"woocommerce_gallery_thumbnail":false},"uagb_author_info":{"display_name":"Especias Bi \/ Tienda","author_link":"https:\/\/especiasbi.com\/tienda\/author\/especias-admon\/"},"uagb_comment_info":0,"uagb_excerpt":"Nuestra Pol\u00edtica\u00a0 ( \u00daltima actualizaci\u00f3n 3\/12\/2025 ) En Especias Bi respetamos la privacidad de nuestros clientes y garantizamos la seguridad de la informaci\u00f3n proporcionada al realizar compras a trav\u00e9s de especiasbi.com. Esta pol\u00edtica explica c\u00f3mo se maneja tu informaci\u00f3n en el marco de nuestra operaci\u00f3n;\u00a0c\u00f3mo recopilamos, utilizamos y protegemos la informaci\u00f3n personal que nos proporcionas&hellip;","_links":{"self":[{"href":"https:\/\/especiasbi.com\/tienda\/wp-json\/wp\/v2\/pages\/2980","targetHints":{"allow":["GET"]}}],"collection":[{"href":"https:\/\/especiasbi.com\/tienda\/wp-json\/wp\/v2\/pages"}],"about":[{"href":"https:\/\/especiasbi.com\/tienda\/wp-json\/wp\/v2\/types\/page"}],"author":[{"embeddable":true,"href":"https:\/\/especiasbi.com\/tienda\/wp-json\/wp\/v2\/users\/1"}],"replies":[{"embeddable":true,"href":"https:\/\/especiasbi.com\/tienda\/wp-json\/wp\/v2\/comments?post=2980"}],"version-history":[{"count":12,"href":"https:\/\/especiasbi.com\/tienda\/wp-json\/wp\/v2\/pages\/2980\/revisions"}],"predecessor-version":[{"id":3050,"href":"https:\/\/especiasbi.com\/tienda\/wp-json\/wp\/v2\/pages\/2980\/revisions\/3050"}],"wp:attachment":[{"href":"https:\/\/especiasbi.com\/tienda\/wp-json\/wp\/v2\/media?parent=2980"}],"curies":[{"name":"wp","href":"https:\/\/api.w.org\/{rel}","templated":true}]}}