{"id":3076,"date":"2025-12-20T00:46:37","date_gmt":"2025-12-20T05:46:37","guid":{"rendered":"https:\/\/especiasbi.com\/tienda\/pricing\/"},"modified":"2025-12-20T04:39:33","modified_gmt":"2025-12-20T09:39:33","slug":"planes","status":"publish","type":"page","link":"https:\/\/especiasbi.com\/tienda\/planes\/","title":{"rendered":"Planes"},"content":{"rendered":"\t\t<div data-elementor-type=\"wp-page\" data-elementor-id=\"3076\" class=\"elementor elementor-3076\">\n\t\t\t\t<div class=\"elementor-element elementor-element-1cfe414a e-flex e-con-boxed e-con e-parent\" data-id=\"1cfe414a\" data-element_type=\"container\" data-e-type=\"container\">\n\t\t\t\t\t<div class=\"e-con-inner\">\n\t\t\t\t<div class=\"elementor-element elementor-element-44a0ce54 elementor-widget elementor-widget-text-editor\" data-id=\"44a0ce54\" data-element_type=\"widget\" data-e-type=\"widget\" data-widget_type=\"text-editor.default\">\n\t\t\t\t<div class=\"elementor-widget-container\">\n\t\t\t\t\t\t\t\t\t\n<div class=\"wp-block-columns alignwide pms-pt-gap is-layout-flex wp-container-core-columns-is-layout-d2da2050 wp-block-columns-is-layout-flex\" style=\"margin-bottom: 0;\">\n<div class=\"wp-block-column pms-pt-border-1 pms-pt-card-1 has-border-color is-layout-constrained wp-container-core-column-is-layout-23b1a4dc wp-block-column-is-layout-constrained\" style=\"border-color: #7a838b; border-width: 2px; padding: var(--wp--preset--spacing--30);\">\n<h2 class=\"wp-block-heading has-text-align-center pms-pt-text-title has-text-color\" style=\"color: #7a838b; font-style: normal; font-weight: 500;\">Bi Basic<\/h2>\n\n<h3 class=\"wp-block-heading has-text-align-center pms-pt-text-price has-text-color\" style=\"color: #7a838b;\">18.900 $<span class=\"pms-pt-text-duration\"><span class=\"pms-divider pms-duration-divider\">\/ <\/span><span class=\"pms-subscription-plan-duration\">1 Mes<\/span><\/span><\/h3>\n\n<p class=\"has-text-align-left\"><span class=\"pms-pt-text-description\">La suscripci\u00f3n <strong>Bi Basic<\/strong> le ofrece 8% de descuento mensualmente en la mayorias de las categor\u00edas de productos en nuestra tienda.<\/span><\/p>\n<hr class=\"wp-block-separator has-alpha-channel-opacity pms-pt-separator is-style-dots\" \/>\n<ul class=\"wp-block-list pms-pt-list\">\n<li><strong>8% OFF <\/strong><\/li>\n\n<li>Descuento en la mayor\u00eda de las Categor\u00edas de Productos<\/li>\n\n<li>Servicio personalizado de su orden al momento de la entrega.<\/li>\n\n<li>1 Env\u00edo Gratis Mensual.<\/li>\n<\/ul>\n\n<div class=\"wp-block-buttons pms-pt-button-column-1 is-content-justification-center is-layout-flex wp-container-core-buttons-is-layout-098cc607 wp-block-buttons-is-layout-flex\">\n<div class=\"wp-block-button has-custom-width wp-block-button__width-75 is-style-outline is-style-outline--4\"><a class=\"wp-block-button__link has-text-align-center wp-element-button\" style=\"border-radius: 0px;\" href=\"https:\/\/especiasbi.com\/tienda\/register\/?subscription_plan=3072&amp;single_plan=yes\"><strong>Adquirir plan<\/strong><\/a><\/div>\n<\/div>\n<\/div>\n\n<div class=\"wp-block-column pms-pt-border-2 pms-pt-card-2 has-border-color is-layout-constrained wp-container-core-column-is-layout-23b1a4dc wp-block-column-is-layout-constrained\" style=\"border-color: #d7b045; border-width: 2px; padding: var(--wp--preset--spacing--30);\">\n<h2 class=\"wp-block-heading has-text-align-center pms-pt-text-title has-text-color\" style=\"color: #d7b045; font-style: normal; font-weight: 500;\">Bi Pro<\/h2>\n\n<h3 class=\"wp-block-heading has-text-align-center pms-pt-text-price has-text-color\" style=\"color: #d7b045;\">29.900 $<span class=\"pms-pt-text-duration\"><span class=\"pms-divider pms-duration-divider\">\/ <\/span><span class=\"pms-subscription-plan-duration\">1 <\/span>Mes<\/span><\/h3>\n\n<p class=\"has-text-align-left\"><span class=\"pms-pt-text-description\"><strong>Bi Pro<\/strong> le ofrece un 12% descuento al mes en todas de las categor\u00edas de productos. Podr\u00e1 adquirir todos los productos con descuento permanentemente.<\/span><\/p>\n<hr class=\"wp-block-separator has-alpha-channel-opacity pms-pt-separator is-style-dots\" \/>\n<p class=\"has-text-align-left\"><span class=\"pms-pt-text-description\">Todo lo del plan Bi Basic, m\u00e1s&#8230;<\/span><\/p>\n\n<ul class=\"wp-block-list pms-pt-list pms-pt-list-extra\">\n<li>+ 4% OFF (<strong>total: 12% off<\/strong>)<\/li>\n\n<li>Descuento en <strong>Todos los Productos<\/strong><\/li>\n\n<li><strong>Servicio Personalizado <\/strong>en su orden al momento de la entrega<\/li>\n\n<li>+ 1 Env\u00edos Gratis<br \/>(2 mensual)<\/li>\n\n<li><strong>1 vez al mes<\/strong>. Personalizamos <strong>1 <\/strong>masala o mezcla de su elecci\u00f3n (usted decide ingredientes y cantidades. Paga el costo normal aplicando el descuento de la suscripc\u00f3n).<\/li>\n<\/ul>\n\n<div class=\"wp-block-buttons pms-pt-button-column-2 is-content-justification-center is-layout-flex wp-container-core-buttons-is-layout-098cc607 wp-block-buttons-is-layout-flex\">\n<div class=\"wp-block-button has-custom-width wp-block-button__width-75 is-style-outline is-style-outline--5\"><a class=\"wp-block-button__link has-text-align-center wp-element-button\" style=\"border-radius: 0px;\" href=\"https:\/\/especiasbi.com\/tienda\/register\/?subscription_plan=3074&amp;single_plan=yes\"><strong>Adquirir Plan<\/strong> <\/a><\/div>\n<\/div>\n<\/div>\n\n<div class=\"wp-block-column pms-pt-border-1 pms-pt-card-3 has-border-color is-layout-constrained wp-container-core-column-is-layout-23b1a4dc wp-block-column-is-layout-constrained\" style=\"border-color: #6eb096; border-width: 2px; padding: var(--wp--preset--spacing--30);\">\n<h2 class=\"wp-block-heading has-text-align-center pms-pt-text-title has-text-color\" style=\"color: #6eb096; font-style: normal; font-weight: 500;\">Bi Premium<\/h2>\n\n<h3 class=\"wp-block-heading has-text-align-center pms-pt-text-price has-text-color\" style=\"color: #6eb096;\">59.900 $<span class=\"pms-pt-text-duration\"><span class=\"pms-divider pms-duration-divider\">\/ <\/span><span class=\"pms-subscription-plan-duration\">1 Mes<\/span><\/span><\/h3>\n\n<p class=\"has-text-align-left\"><span class=\"pms-pt-text-description\"><strong>Bi Premium<\/strong> ofrece un 17% descuento en todas la tienda. Podr\u00e1s contactarnos y personalizar su propias mezclas. Investigamos y le asesoramos seg\u00fan su estilo de vida, y necesidad culinaria. Y mucho m\u00e1s\u2026<\/span><\/p>\n<hr class=\"wp-block-separator has-alpha-channel-opacity pms-pt-separator is-style-dots\" \/>\n<p class=\"has-text-align-left\"><span class=\"pms-pt-text-description\">Todo lo del plan Bi Pro, m\u00e1s&#8230;<\/span><\/p>\n\n<ul class=\"wp-block-list pms-pt-list\">\n<li>+ 5% OFF (<strong>total: 17% off<\/strong>)<\/li>\n\n<li><strong>Env\u00edos Gratis Ilimitados<\/strong>.<\/li>\n\n<li><strong>1 vez al mes.<\/strong> Eliges ingredientes y cantidades y nosotros le conformamos la mezcla. (Paga solo costos b\u00e1sicos de ingredientes).<\/li>\n\n<li><strong>1 Producto de Regalo<\/strong> cada quince d\u00edas.<\/li>\n<\/ul>\n\n<div class=\"wp-block-buttons pms-pt-button-column-1 is-content-justification-center is-layout-flex wp-container-core-buttons-is-layout-a89b3969 wp-block-buttons-is-layout-flex\">\n<div class=\"wp-block-button has-custom-width wp-block-button__width-75 is-style-outline is-style-outline--6\"><a class=\"wp-block-button__link has-text-align-center wp-element-button\" style=\"border-radius: 0px;\" href=\"https:\/\/especiasbi.com\/tienda\/register\/?subscription_plan=3075&amp;single_plan=yes\"><strong>Adquirir plan<\/strong><\/a><\/div>\n<\/div>\n<\/div>\n<\/div>\n\n<p>\u00a0<\/p>\n\t\t\t\t\t\t\t\t<\/div>\n\t\t\t\t<\/div>\n\t\t\t\t\t<\/div>\n\t\t\t\t<\/div>\n\t\t\t\t<\/div>\n\t\t","protected":false},"excerpt":{"rendered":"<p>Bi Basic 18.900 $\/ 1 Mes La suscripci\u00f3n Bi Basic le ofrece 8% de descuento mensualmente en la mayorias de las categor\u00edas de productos en nuestra tienda. Bi Pro 29.900 $\/ 1 Mes Bi Pro le ofrece un 12% descuento al mes en todas de las categor\u00edas de productos. Podr\u00e1 adquirir todos los productos con [&hellip;]<\/p>\n","protected":false},"author":1,"featured_media":0,"parent":0,"menu_order":0,"comment_status":"closed","ping_status":"closed","template":"","meta":{"_uag_custom_page_level_css":"","site-sidebar-layout":"default","site-content-layout":"","ast-site-content-layout":"default","site-content-style":"default","site-sidebar-style":"default","ast-global-header-display":"","ast-banner-title-visibility":"","ast-main-header-display":"","ast-hfb-above-header-display":"","ast-hfb-below-header-display":"","ast-hfb-mobile-header-display":"","site-post-title":"","ast-breadcrumbs-content":"","ast-featured-img":"","footer-sml-layout":"","ast-disable-related-posts":"","theme-transparent-header-meta":"","adv-header-id-meta":"","stick-header-meta":"","header-above-stick-meta":"","header-main-stick-meta":"","header-below-stick-meta":"","astra-migrate-meta-layouts":"set","ast-page-background-enabled":"default","ast-page-background-meta":{"desktop":{"background-color":"var(--ast-global-color-4)","background-image":"","background-repeat":"repeat","background-position":"center center","background-size":"auto","background-attachment":"scroll","background-type":"","background-media":"","overlay-type":"","overlay-color":"","overlay-opacity":"","overlay-gradient":""},"tablet":{"background-color":"","background-image":"","background-repeat":"repeat","background-position":"center center","background-size":"auto","background-attachment":"scroll","background-type":"","background-media":"","overlay-type":"","overlay-color":"","overlay-opacity":"","overlay-gradient":""},"mobile":{"background-color":"","background-image":"","background-repeat":"repeat","background-position":"center center","background-size":"auto","background-attachment":"scroll","background-type":"","background-media":"","overlay-type":"","overlay-color":"","overlay-opacity":"","overlay-gradient":""}},"ast-content-background-meta":{"desktop":{"background-color":"var(--ast-global-color-5)","background-image":"","background-repeat":"repeat","background-position":"center center","background-size":"auto","background-attachment":"scroll","background-type":"","background-media":"","overlay-type":"","overlay-color":"","overlay-opacity":"","overlay-gradient":""},"tablet":{"background-color":"var(--ast-global-color-5)","background-image":"","background-repeat":"repeat","background-position":"center center","background-size":"auto","background-attachment":"scroll","background-type":"","background-media":"","overlay-type":"","overlay-color":"","overlay-opacity":"","overlay-gradient":""},"mobile":{"background-color":"var(--ast-global-color-5)","background-image":"","background-repeat":"repeat","background-position":"center center","background-size":"auto","background-attachment":"scroll","background-type":"","background-media":"","overlay-type":"","overlay-color":"","overlay-opacity":"","overlay-gradient":""}},"_joinchat":[],"footnotes":""},"class_list":["post-3076","page","type-page","status-publish","hentry"],"_hostinger_reach_plugin_has_subscription_block":false,"_hostinger_reach_plugin_is_elementor":false,"uagb_featured_image_src":{"full":false,"thumbnail":false,"medium":false,"medium_large":false,"large":false,"1536x1536":false,"2048x2048":false,"woocommerce_thumbnail":false,"woocommerce_single":false,"woocommerce_gallery_thumbnail":false},"uagb_author_info":{"display_name":"Especias Bi \/ Tienda","author_link":"https:\/\/especiasbi.com\/tienda\/author\/especias-admon\/"},"uagb_comment_info":0,"uagb_excerpt":"Bi Basic 18.900 $\/ 1 Mes La suscripci\u00f3n Bi Basic le ofrece 8% de descuento mensualmente en la mayorias de las categor\u00edas de productos en nuestra tienda. Bi Pro 29.900 $\/ 1 Mes Bi Pro le ofrece un 12% descuento al mes en todas de las categor\u00edas de productos. Podr\u00e1 adquirir todos los productos con&hellip;","_links":{"self":[{"href":"https:\/\/especiasbi.com\/tienda\/wp-json\/wp\/v2\/pages\/3076","targetHints":{"allow":["GET"]}}],"collection":[{"href":"https:\/\/especiasbi.com\/tienda\/wp-json\/wp\/v2\/pages"}],"about":[{"href":"https:\/\/especiasbi.com\/tienda\/wp-json\/wp\/v2\/types\/page"}],"author":[{"embeddable":true,"href":"https:\/\/especiasbi.com\/tienda\/wp-json\/wp\/v2\/users\/1"}],"replies":[{"embeddable":true,"href":"https:\/\/especiasbi.com\/tienda\/wp-json\/wp\/v2\/comments?post=3076"}],"version-history":[{"count":7,"href":"https:\/\/especiasbi.com\/tienda\/wp-json\/wp\/v2\/pages\/3076\/revisions"}],"predecessor-version":[{"id":3108,"href":"https:\/\/especiasbi.com\/tienda\/wp-json\/wp\/v2\/pages\/3076\/revisions\/3108"}],"wp:attachment":[{"href":"https:\/\/especiasbi.com\/tienda\/wp-json\/wp\/v2\/media?parent=3076"}],"curies":[{"name":"wp","href":"https:\/\/api.w.org\/{rel}","templated":true}]}}