{"id":2262,"date":"2025-12-10T15:58:52","date_gmt":"2025-12-10T20:58:52","guid":{"rendered":"https:\/\/especiasbi.com\/tienda\/?post_type=product&#038;p=2262"},"modified":"2026-03-16T22:38:41","modified_gmt":"2026-03-17T03:38:41","slug":"mejorana","status":"publish","type":"product","link":"https:\/\/especiasbi.com\/tienda\/producto\/mejorana\/","title":{"rendered":"Mejorana Escama"},"content":{"rendered":"<p>La Mejorana Deshidratada en escamas es una hierba arom\u00e1tica muy apreciada en la cocina mediterr\u00e1nea por su delicado aroma y sabor suave, similar al or\u00e9gano pero m\u00e1s dulce y floral.<\/p>\n<h5>Usos sugeridos:<\/h5>\n<p>-Ideal para sopas, guisos, carnes, pastas y pizzas.<br \/>\n-Aporta un toque arom\u00e1tico a salsas, ensaladas y marinados.<br \/>\n-Excelente en platos mediterr\u00e1neos junto con or\u00e9gano, tomillo y albahaca.<br \/>\n-Tambi\u00e9n puede emplearse en infusiones relajantes.<\/p>\n<p><strong>Carnes blancas (pollo, pavo)<\/strong><br \/>\n\u2022 1.5 a 3 g por kg<br \/>\n\u2022 Ideal en marinados suaves<br \/>\n\u2022 A\u00f1adir en fase media o final<\/p>\n<p><strong>Carnes rojas<\/strong><br \/>\n\u2022 2 a 4 g por kg<br \/>\n\u2022 Funciona bien en guisos y alb\u00f3ndigas<\/p>\n<p><strong>Salsas de tomate<\/strong><br \/>\n\u2022 0.5 a 1 g por litro<br \/>\n\u2022 Incorporar en cocci\u00f3n media<\/p>\n<p><strong>Legumbres<\/strong><br \/>\n\u2022 1 a 2 g por kg cocido<br \/>\n\u2022 A\u00f1adir durante la cocci\u00f3n para infusionar sabor<\/p>\n<p><strong>Vegetales asados o salteados<\/strong><br \/>\n\u2022 1 g por 500 g<br \/>\n\u2022 Mezclar con aceite antes de hornear<\/p>\n<p><strong>Panader\u00eda salada<\/strong><br \/>\n\u2022 1 a 2 g por kg de masa<br \/>\n\u2022 Ideal en focaccias y panes r\u00fasticos<\/p>\n<p>Presentaci\u00f3n en frasco de vidrio reutilizable, elegante, ecol\u00f3gico y pr\u00e1ctico para conservar su frescura.<\/p>\n","protected":false},"excerpt":{"rendered":"<p>Mejorana deshidratada en Escamas<\/p>\n","protected":false},"featured_media":2268,"template":"","meta":{"_uag_custom_page_level_css":"","site-sidebar-layout":"default","site-content-layout":"","ast-site-content-layout":"default","site-content-style":"default","site-sidebar-style":"default","ast-global-header-display":"","ast-banner-title-visibility":"","ast-main-header-display":"","ast-hfb-above-header-display":"","ast-hfb-below-header-display":"","ast-hfb-mobile-header-display":"","site-post-title":"","ast-breadcrumbs-content":"","ast-featured-img":"","footer-sml-layout":"","ast-disable-related-posts":"","theme-transparent-header-meta":"default","adv-header-id-meta":"","stick-header-meta":"","header-above-stick-meta":"","header-main-stick-meta":"","header-below-stick-meta":"","astra-migrate-meta-layouts":"set","ast-page-background-enabled":"default","ast-page-background-meta":{"desktop":{"background-color":"var(--ast-global-color-4)","background-image":"","background-repeat":"repeat","background-position":"center center","background-size":"auto","background-attachment":"scroll","background-type":"","background-media":"","overlay-type":"","overlay-color":"","overlay-opacity":"","overlay-gradient":""},"tablet":{"background-color":"","background-image":"","background-repeat":"repeat","background-position":"center center","background-size":"auto","background-attachment":"scroll","background-type":"","background-media":"","overlay-type":"","overlay-color":"","overlay-opacity":"","overlay-gradient":""},"mobile":{"background-color":"","background-image":"","background-repeat":"repeat","background-position":"center center","background-size":"auto","background-attachment":"scroll","background-type":"","background-media":"","overlay-type":"","overlay-color":"","overlay-opacity":"","overlay-gradient":""}},"ast-content-background-meta":{"desktop":{"background-color":"var(--ast-global-color-5)","background-image":"","background-repeat":"repeat","background-position":"center center","background-size":"auto","background-attachment":"scroll","background-type":"","background-media":"","overlay-type":"","overlay-color":"","overlay-opacity":"","overlay-gradient":""},"tablet":{"background-color":"var(--ast-global-color-5)","background-image":"","background-repeat":"repeat","background-position":"center center","background-size":"auto","background-attachment":"scroll","background-type":"","background-media":"","overlay-type":"","overlay-color":"","overlay-opacity":"","overlay-gradient":""},"mobile":{"background-color":"var(--ast-global-color-5)","background-image":"","background-repeat":"repeat","background-position":"center center","background-size":"auto","background-attachment":"scroll","background-type":"","background-media":"","overlay-type":"","overlay-color":"","overlay-opacity":"","overlay-gradient":""}},"_joinchat":[]},"product_brand":[35],"product_cat":[47,66],"product_tag":[52],"class_list":{"0":"post-2262","1":"product","2":"type-product","3":"status-publish","4":"has-post-thumbnail","6":"product_brand-especias-bi","7":"product_cat-hierbas-hojas-flores","8":"product_cat-todos-los-productos","9":"product_tag-escamas","10":"desktop-align-center","11":"tablet-align-left","12":"mobile-align-left","14":"first","15":"instock","16":"shipping-taxable","17":"purchasable","18":"product-type-simple"},"uagb_featured_image_src":{"full":["https:\/\/especiasbi.com\/tienda\/wp-content\/uploads\/2025\/12\/Mejorana.jpg",664,800,false],"thumbnail":["https:\/\/especiasbi.com\/tienda\/wp-content\/uploads\/2025\/12\/Mejorana-150x150.jpg",150,150,true],"medium":["https:\/\/especiasbi.com\/tienda\/wp-content\/uploads\/2025\/12\/Mejorana-249x300.jpg",249,300,true],"medium_large":["https:\/\/especiasbi.com\/tienda\/wp-content\/uploads\/2025\/12\/Mejorana.jpg",664,800,false],"large":["https:\/\/especiasbi.com\/tienda\/wp-content\/uploads\/2025\/12\/Mejorana.jpg",664,800,false],"1536x1536":["https:\/\/especiasbi.com\/tienda\/wp-content\/uploads\/2025\/12\/Mejorana.jpg",664,800,false],"2048x2048":["https:\/\/especiasbi.com\/tienda\/wp-content\/uploads\/2025\/12\/Mejorana.jpg",664,800,false],"woocommerce_thumbnail":["https:\/\/especiasbi.com\/tienda\/wp-content\/uploads\/2025\/12\/Mejorana-300x300.jpg",300,300,true],"woocommerce_single":["https:\/\/especiasbi.com\/tienda\/wp-content\/uploads\/2025\/12\/Mejorana-600x723.jpg",600,723,true],"woocommerce_gallery_thumbnail":["https:\/\/especiasbi.com\/tienda\/wp-content\/uploads\/2025\/12\/Mejorana-100x100.jpg",100,100,true]},"uagb_author_info":{"display_name":"Especias Bi \/ Tienda","author_link":"https:\/\/especiasbi.com\/tienda\/author\/"},"uagb_comment_info":0,"uagb_excerpt":"Mejorana deshidratada en Escamas","_links":{"self":[{"href":"https:\/\/especiasbi.com\/tienda\/wp-json\/wp\/v2\/product\/2262","targetHints":{"allow":["GET"]}}],"collection":[{"href":"https:\/\/especiasbi.com\/tienda\/wp-json\/wp\/v2\/product"}],"about":[{"href":"https:\/\/especiasbi.com\/tienda\/wp-json\/wp\/v2\/types\/product"}],"wp:featuredmedia":[{"embeddable":true,"href":"https:\/\/especiasbi.com\/tienda\/wp-json\/wp\/v2\/media\/2268"}],"wp:attachment":[{"href":"https:\/\/especiasbi.com\/tienda\/wp-json\/wp\/v2\/media?parent=2262"}],"wp:term":[{"taxonomy":"product_brand","embeddable":true,"href":"https:\/\/especiasbi.com\/tienda\/wp-json\/wp\/v2\/product_brand?post=2262"},{"taxonomy":"product_cat","embeddable":true,"href":"https:\/\/especiasbi.com\/tienda\/wp-json\/wp\/v2\/product_cat?post=2262"},{"taxonomy":"product_tag","embeddable":true,"href":"https:\/\/especiasbi.com\/tienda\/wp-json\/wp\/v2\/product_tag?post=2262"}],"curies":[{"name":"wp","href":"https:\/\/api.w.org\/{rel}","templated":true}]}}