{"id":2319,"date":"2025-12-10T18:03:35","date_gmt":"2025-12-10T23:03:35","guid":{"rendered":"https:\/\/especiasbi.com\/tienda\/?post_type=product&#038;p=2319"},"modified":"2026-04-15T18:06:30","modified_gmt":"2026-04-15T23:06:30","slug":"coriandro-semillas","status":"publish","type":"product","link":"https:\/\/especiasbi.com\/tienda\/producto\/coriandro-semillas\/","title":{"rendered":"Coriandro Semillas"},"content":{"rendered":"<p>El coriandro (semilla de cilantro molida) ofrece un aroma suave, c\u00edtrico y ligeramente dulce que aporta frescura y calidez a una amplia variedad de preparaciones. Su textura fina permite que se integre f\u00e1cilmente en salsas, marinados y masas, liberando de inmediato todo su sabor caracter\u00edstico. Envasado en frasco de vidrio para garantizar una conservaci\u00f3n \u00f3ptima.<\/p>\n<h5>Usos sugeridos<\/h5>\n<p>-Ideal para curry, garam masala, tandoori y otras mezclas indias.<br \/>\n-Perfecto en guisos, sopas, salsas y arroces.<br \/>\n-Excelente para adobos y marinados de carnes, pollo y pescado.<br \/>\n-Muy utilizado en panader\u00eda, reposter\u00eda especiada y encurtidos.<br \/>\n-Aporta un toque fresco y arom\u00e1tico a legumbres, vegetales y platos latinoamericanos.<\/p>\n<p><strong>Carnes (res, cerdo, pollo)<\/strong><br \/>\n\u2022 3 a 6 g por kg<br \/>\n\u2022 Ideal en adobos y mezclas secas (rub)<\/p>\n<p><strong>Embutidos<\/strong><br \/>\n\u2022 2 a 5 g por kg<br \/>\n\u2022 Aporta frescura y equilibrio arom\u00e1tico<\/p>\n<p><strong>Currys y guisos<\/strong><br \/>\n\u2022 2 a 4 g por litro<br \/>\n\u2022 A\u00f1adir al inicio de la cocci\u00f3n para mejor extracci\u00f3n<\/p>\n<p><strong>Legumbres<\/strong><br \/>\n\u2022 2 a 4 g por kg<br \/>\n\u2022 Activar en grasa antes de incorporar l\u00edquidos<\/p>\n<p><strong>Encurtidos<\/strong><br \/>\n\u2022 3 a 6 g por litro de salmuera<br \/>\n\u2022 Usar triturado grueso para mayor intensidad<\/p>\n<p><strong>Panader\u00eda salada<\/strong><br \/>\n\u2022 1 a 3 g por kg de masa<br \/>\n\u2022 Compatible con comino e hinojo<\/p>\n","protected":false},"excerpt":{"rendered":"<p>Coriandro en Semillas<\/p>\n","protected":false},"featured_media":2324,"template":"","meta":{"_uag_custom_page_level_css":"","site-sidebar-layout":"default","site-content-layout":"","ast-site-content-layout":"default","site-content-style":"default","site-sidebar-style":"default","ast-global-header-display":"","ast-banner-title-visibility":"","ast-main-header-display":"","ast-hfb-above-header-display":"","ast-hfb-below-header-display":"","ast-hfb-mobile-header-display":"","site-post-title":"","ast-breadcrumbs-content":"","ast-featured-img":"","footer-sml-layout":"","ast-disable-related-posts":"","theme-transparent-header-meta":"default","adv-header-id-meta":"","stick-header-meta":"","header-above-stick-meta":"","header-main-stick-meta":"","header-below-stick-meta":"","astra-migrate-meta-layouts":"set","ast-page-background-enabled":"default","ast-page-background-meta":{"desktop":{"background-color":"var(--ast-global-color-4)","background-image":"","background-repeat":"repeat","background-position":"center center","background-size":"auto","background-attachment":"scroll","background-type":"","background-media":"","overlay-type":"","overlay-color":"","overlay-opacity":"","overlay-gradient":""},"tablet":{"background-color":"","background-image":"","background-repeat":"repeat","background-position":"center center","background-size":"auto","background-attachment":"scroll","background-type":"","background-media":"","overlay-type":"","overlay-color":"","overlay-opacity":"","overlay-gradient":""},"mobile":{"background-color":"","background-image":"","background-repeat":"repeat","background-position":"center center","background-size":"auto","background-attachment":"scroll","background-type":"","background-media":"","overlay-type":"","overlay-color":"","overlay-opacity":"","overlay-gradient":""}},"ast-content-background-meta":{"desktop":{"background-color":"var(--ast-global-color-5)","background-image":"","background-repeat":"repeat","background-position":"center center","background-size":"auto","background-attachment":"scroll","background-type":"","background-media":"","overlay-type":"","overlay-color":"","overlay-opacity":"","overlay-gradient":""},"tablet":{"background-color":"var(--ast-global-color-5)","background-image":"","background-repeat":"repeat","background-position":"center center","background-size":"auto","background-attachment":"scroll","background-type":"","background-media":"","overlay-type":"","overlay-color":"","overlay-opacity":"","overlay-gradient":""},"mobile":{"background-color":"var(--ast-global-color-5)","background-image":"","background-repeat":"repeat","background-position":"center center","background-size":"auto","background-attachment":"scroll","background-type":"","background-media":"","overlay-type":"","overlay-color":"","overlay-opacity":"","overlay-gradient":""}},"_joinchat":[]},"product_brand":[35],"product_cat":[49,66],"product_tag":[57,55],"class_list":{"0":"post-2319","1":"product","2":"type-product","3":"status-publish","4":"has-post-thumbnail","6":"product_brand-especias-bi","7":"product_cat-semillas-pepas","8":"product_cat-todos-los-productos","9":"product_tag-pepas","10":"product_tag-semillas","11":"desktop-align-center","12":"tablet-align-left","13":"mobile-align-left","15":"first","16":"instock","17":"shipping-taxable","18":"purchasable","19":"product-type-simple"},"uagb_featured_image_src":{"full":["https:\/\/especiasbi.com\/tienda\/wp-content\/uploads\/2025\/12\/Coriandro.jpg",664,800,false],"thumbnail":["https:\/\/especiasbi.com\/tienda\/wp-content\/uploads\/2025\/12\/Coriandro-150x150.jpg",150,150,true],"medium":["https:\/\/especiasbi.com\/tienda\/wp-content\/uploads\/2025\/12\/Coriandro-249x300.jpg",249,300,true],"medium_large":["https:\/\/especiasbi.com\/tienda\/wp-content\/uploads\/2025\/12\/Coriandro.jpg",664,800,false],"large":["https:\/\/especiasbi.com\/tienda\/wp-content\/uploads\/2025\/12\/Coriandro.jpg",664,800,false],"1536x1536":["https:\/\/especiasbi.com\/tienda\/wp-content\/uploads\/2025\/12\/Coriandro.jpg",664,800,false],"2048x2048":["https:\/\/especiasbi.com\/tienda\/wp-content\/uploads\/2025\/12\/Coriandro.jpg",664,800,false],"woocommerce_thumbnail":["https:\/\/especiasbi.com\/tienda\/wp-content\/uploads\/2025\/12\/Coriandro-300x300.jpg",300,300,true],"woocommerce_single":["https:\/\/especiasbi.com\/tienda\/wp-content\/uploads\/2025\/12\/Coriandro-600x723.jpg",600,723,true],"woocommerce_gallery_thumbnail":["https:\/\/especiasbi.com\/tienda\/wp-content\/uploads\/2025\/12\/Coriandro-100x100.jpg",100,100,true]},"uagb_author_info":{"display_name":"Especias Bi \/ Tienda","author_link":"https:\/\/especiasbi.com\/tienda\/author\/"},"uagb_comment_info":0,"uagb_excerpt":"Coriandro en Semillas","_links":{"self":[{"href":"https:\/\/especiasbi.com\/tienda\/wp-json\/wp\/v2\/product\/2319","targetHints":{"allow":["GET"]}}],"collection":[{"href":"https:\/\/especiasbi.com\/tienda\/wp-json\/wp\/v2\/product"}],"about":[{"href":"https:\/\/especiasbi.com\/tienda\/wp-json\/wp\/v2\/types\/product"}],"wp:featuredmedia":[{"embeddable":true,"href":"https:\/\/especiasbi.com\/tienda\/wp-json\/wp\/v2\/media\/2324"}],"wp:attachment":[{"href":"https:\/\/especiasbi.com\/tienda\/wp-json\/wp\/v2\/media?parent=2319"}],"wp:term":[{"taxonomy":"product_brand","embeddable":true,"href":"https:\/\/especiasbi.com\/tienda\/wp-json\/wp\/v2\/product_brand?post=2319"},{"taxonomy":"product_cat","embeddable":true,"href":"https:\/\/especiasbi.com\/tienda\/wp-json\/wp\/v2\/product_cat?post=2319"},{"taxonomy":"product_tag","embeddable":true,"href":"https:\/\/especiasbi.com\/tienda\/wp-json\/wp\/v2\/product_tag?post=2319"}],"curies":[{"name":"wp","href":"https:\/\/api.w.org\/{rel}","templated":true}]}}