{"id":2353,"date":"2025-12-11T01:01:38","date_gmt":"2025-12-11T06:01:38","guid":{"rendered":"https:\/\/especiasbi.com\/tienda\/?post_type=product&#038;p=2353"},"modified":"2026-01-15T01:33:22","modified_gmt":"2026-01-15T06:33:22","slug":"canela-molida","status":"publish","type":"product","link":"https:\/\/especiasbi.com\/tienda\/producto\/canela-molida\/","title":{"rendered":"Canela Molida"},"content":{"rendered":"<p>La canela molida es una de las especias m\u00e1s apreciadas en el mundo por su aroma dulce, c\u00e1lido y reconfortante. Su textura fina se integra f\u00e1cilmente en preparaciones dulces y saladas, aportando profundidad y un sabor inconfundible. Envasada en un frasco de vidrio para conservar su frescura, aroma y calidad premium.<\/p>\n<h4><strong>Beneficios para la salud<\/strong><\/h4>\n<p>-Rica en antioxidantes naturales, que ayudan a combatir el estr\u00e9s oxidativo.<br \/>\n-Puede contribuir al equilibrio de los niveles de az\u00facar en sangre seg\u00fan la tradici\u00f3n herbal.<br \/>\n-Posee propiedades antiinflamatorias y antimicrobianas.<br \/>\n-Apoya la digesti\u00f3n y puede aliviar molestias estomacales leves.<br \/>\n-100% natural, sin aditivos ni conservantes.<\/p>\n<h4><strong>Usos sugeridos<\/strong><\/h4>\n<p>-Ideal para postres: galletas, tortas, arroz con leche, natillas, panes y reposter\u00eda en general.<br \/>\n-Perfecta en caf\u00e9s, chocolate caliente, infusiones y bebidas especiadas.<br \/>\n-Excelente para marinados, carnes agridulces, curry y preparaciones orientales.<br \/>\n-Realza el sabor de avena, frutas horneadas, batidos y yogures.<br \/>\n-\u00datil en mezclas de especias como chai masala, pumpkin spice y masalas indias.<\/p>\n","protected":false},"excerpt":{"rendered":"<p>Canela Molida<\/p>\n","protected":false},"featured_media":2359,"template":"","meta":{"_uag_custom_page_level_css":"","site-sidebar-layout":"default","site-content-layout":"","ast-site-content-layout":"default","site-content-style":"default","site-sidebar-style":"default","ast-global-header-display":"","ast-banner-title-visibility":"","ast-main-header-display":"","ast-hfb-above-header-display":"","ast-hfb-below-header-display":"","ast-hfb-mobile-header-display":"","site-post-title":"","ast-breadcrumbs-content":"","ast-featured-img":"","footer-sml-layout":"","ast-disable-related-posts":"","theme-transparent-header-meta":"default","adv-header-id-meta":"","stick-header-meta":"","header-above-stick-meta":"","header-main-stick-meta":"","header-below-stick-meta":"","astra-migrate-meta-layouts":"set","ast-page-background-enabled":"default","ast-page-background-meta":{"desktop":{"background-color":"var(--ast-global-color-4)","background-image":"","background-repeat":"repeat","background-position":"center center","background-size":"auto","background-attachment":"scroll","background-type":"","background-media":"","overlay-type":"","overlay-color":"","overlay-opacity":"","overlay-gradient":""},"tablet":{"background-color":"","background-image":"","background-repeat":"repeat","background-position":"center center","background-size":"auto","background-attachment":"scroll","background-type":"","background-media":"","overlay-type":"","overlay-color":"","overlay-opacity":"","overlay-gradient":""},"mobile":{"background-color":"","background-image":"","background-repeat":"repeat","background-position":"center center","background-size":"auto","background-attachment":"scroll","background-type":"","background-media":"","overlay-type":"","overlay-color":"","overlay-opacity":"","overlay-gradient":""}},"ast-content-background-meta":{"desktop":{"background-color":"var(--ast-global-color-5)","background-image":"","background-repeat":"repeat","background-position":"center center","background-size":"auto","background-attachment":"scroll","background-type":"","background-media":"","overlay-type":"","overlay-color":"","overlay-opacity":"","overlay-gradient":""},"tablet":{"background-color":"var(--ast-global-color-5)","background-image":"","background-repeat":"repeat","background-position":"center center","background-size":"auto","background-attachment":"scroll","background-type":"","background-media":"","overlay-type":"","overlay-color":"","overlay-opacity":"","overlay-gradient":""},"mobile":{"background-color":"var(--ast-global-color-5)","background-image":"","background-repeat":"repeat","background-position":"center center","background-size":"auto","background-attachment":"scroll","background-type":"","background-media":"","overlay-type":"","overlay-color":"","overlay-opacity":"","overlay-gradient":""}},"_joinchat":[]},"product_brand":[35],"product_cat":[50,66],"product_tag":[39],"class_list":{"0":"post-2353","1":"product","2":"type-product","3":"status-publish","4":"has-post-thumbnail","6":"product_brand-especias-bi","7":"product_cat-especias-condimentos","8":"product_cat-todos-los-productos","9":"product_tag-molido","10":"desktop-align-center","11":"tablet-align-left","12":"mobile-align-left","14":"first","15":"instock","16":"shipping-taxable","17":"purchasable","18":"product-type-simple"},"uagb_featured_image_src":{"full":["https:\/\/especiasbi.com\/tienda\/wp-content\/uploads\/2025\/12\/Canela-M.jpg",664,800,false],"thumbnail":["https:\/\/especiasbi.com\/tienda\/wp-content\/uploads\/2025\/12\/Canela-M-150x150.jpg",150,150,true],"medium":["https:\/\/especiasbi.com\/tienda\/wp-content\/uploads\/2025\/12\/Canela-M-249x300.jpg",249,300,true],"medium_large":["https:\/\/especiasbi.com\/tienda\/wp-content\/uploads\/2025\/12\/Canela-M.jpg",664,800,false],"large":["https:\/\/especiasbi.com\/tienda\/wp-content\/uploads\/2025\/12\/Canela-M.jpg",664,800,false],"1536x1536":["https:\/\/especiasbi.com\/tienda\/wp-content\/uploads\/2025\/12\/Canela-M.jpg",664,800,false],"2048x2048":["https:\/\/especiasbi.com\/tienda\/wp-content\/uploads\/2025\/12\/Canela-M.jpg",664,800,false],"woocommerce_thumbnail":["https:\/\/especiasbi.com\/tienda\/wp-content\/uploads\/2025\/12\/Canela-M-300x300.jpg",300,300,true],"woocommerce_single":["https:\/\/especiasbi.com\/tienda\/wp-content\/uploads\/2025\/12\/Canela-M-600x723.jpg",600,723,true],"woocommerce_gallery_thumbnail":["https:\/\/especiasbi.com\/tienda\/wp-content\/uploads\/2025\/12\/Canela-M-100x100.jpg",100,100,true]},"uagb_author_info":{"display_name":"Especias Bi \/ Tienda","author_link":"https:\/\/especiasbi.com\/tienda\/author\/"},"uagb_comment_info":0,"uagb_excerpt":"Canela Molida","_links":{"self":[{"href":"https:\/\/especiasbi.com\/tienda\/wp-json\/wp\/v2\/product\/2353","targetHints":{"allow":["GET"]}}],"collection":[{"href":"https:\/\/especiasbi.com\/tienda\/wp-json\/wp\/v2\/product"}],"about":[{"href":"https:\/\/especiasbi.com\/tienda\/wp-json\/wp\/v2\/types\/product"}],"wp:featuredmedia":[{"embeddable":true,"href":"https:\/\/especiasbi.com\/tienda\/wp-json\/wp\/v2\/media\/2359"}],"wp:attachment":[{"href":"https:\/\/especiasbi.com\/tienda\/wp-json\/wp\/v2\/media?parent=2353"}],"wp:term":[{"taxonomy":"product_brand","embeddable":true,"href":"https:\/\/especiasbi.com\/tienda\/wp-json\/wp\/v2\/product_brand?post=2353"},{"taxonomy":"product_cat","embeddable":true,"href":"https:\/\/especiasbi.com\/tienda\/wp-json\/wp\/v2\/product_cat?post=2353"},{"taxonomy":"product_tag","embeddable":true,"href":"https:\/\/especiasbi.com\/tienda\/wp-json\/wp\/v2\/product_tag?post=2353"}],"curies":[{"name":"wp","href":"https:\/\/api.w.org\/{rel}","templated":true}]}}