{"id":2377,"date":"2025-12-11T15:53:32","date_gmt":"2025-12-11T20:53:32","guid":{"rendered":"https:\/\/especiasbi.com\/tienda\/?post_type=product&#038;p=2377"},"modified":"2026-04-15T17:46:52","modified_gmt":"2026-04-15T22:46:52","slug":"clavos-de-olor","status":"publish","type":"product","link":"https:\/\/especiasbi.com\/tienda\/producto\/clavos-de-olor\/","title":{"rendered":"Clavos de Olor"},"content":{"rendered":"<p>El clavo de olor entero es una de las especias m\u00e1s arom\u00e1ticas y potentes de la cocina tradicional. Con su caracter\u00edstico aroma dulce, c\u00e1lido y ligeramente picante, aporta profundidad y un sabor distintivo a preparaciones dulces y saladas. Cada frasco de vidrio, garantiza frescura, pureza y conservaci\u00f3n \u00f3ptima del aroma natural.<\/p>\n<h5><strong>Beneficios para la salud<\/strong><\/h5>\n<p>-Rico en eugenol, un potente antioxidante con propiedades antiinflamatorias.<br \/>\n-Ayuda a mejorar la digesti\u00f3n y aliviar malestares estomacales suaves.<br \/>\n-Tradicionalmente utilizado para aliviar molestias en la garganta y respiraci\u00f3n.<br \/>\n-Puede contribuir al bienestar bucal gracias a sus propiedades antibacterianas.<br \/>\n-100% natural, sin aditivos ni conservantes.<\/p>\n<h5><strong>Usos sugeridos<\/strong><\/h5>\n<p>-Perfecto para infusiones, chocolate caliente, caf\u00e9 especiado y bebidas arom\u00e1ticas.<br \/>\n-Ideal en postres tradicionales como arroz con leche, natillas, compotas y galletas.<br \/>\n-Excelente en carnes marinadas, guisos, caldos y preparaciones navide\u00f1as.<br \/>\n-\u00datil para aromatizar salsas, encurtidos y chutneys.<br \/>\n-Puede agregarse entero y retirarse despu\u00e9s de la cocci\u00f3n para un sabor m\u00e1s sutil.<\/p>\n","protected":false},"excerpt":{"rendered":"<p>Clavo de Olor entero<\/p>\n","protected":false},"featured_media":2381,"template":"","meta":{"_uag_custom_page_level_css":"","site-sidebar-layout":"default","site-content-layout":"","ast-site-content-layout":"default","site-content-style":"default","site-sidebar-style":"default","ast-global-header-display":"","ast-banner-title-visibility":"","ast-main-header-display":"","ast-hfb-above-header-display":"","ast-hfb-below-header-display":"","ast-hfb-mobile-header-display":"","site-post-title":"","ast-breadcrumbs-content":"","ast-featured-img":"","footer-sml-layout":"","ast-disable-related-posts":"","theme-transparent-header-meta":"default","adv-header-id-meta":"","stick-header-meta":"","header-above-stick-meta":"","header-main-stick-meta":"","header-below-stick-meta":"","astra-migrate-meta-layouts":"set","ast-page-background-enabled":"default","ast-page-background-meta":{"desktop":{"background-color":"var(--ast-global-color-4)","background-image":"","background-repeat":"repeat","background-position":"center center","background-size":"auto","background-attachment":"scroll","background-type":"","background-media":"","overlay-type":"","overlay-color":"","overlay-opacity":"","overlay-gradient":""},"tablet":{"background-color":"","background-image":"","background-repeat":"repeat","background-position":"center center","background-size":"auto","background-attachment":"scroll","background-type":"","background-media":"","overlay-type":"","overlay-color":"","overlay-opacity":"","overlay-gradient":""},"mobile":{"background-color":"","background-image":"","background-repeat":"repeat","background-position":"center center","background-size":"auto","background-attachment":"scroll","background-type":"","background-media":"","overlay-type":"","overlay-color":"","overlay-opacity":"","overlay-gradient":""}},"ast-content-background-meta":{"desktop":{"background-color":"var(--ast-global-color-5)","background-image":"","background-repeat":"repeat","background-position":"center center","background-size":"auto","background-attachment":"scroll","background-type":"","background-media":"","overlay-type":"","overlay-color":"","overlay-opacity":"","overlay-gradient":""},"tablet":{"background-color":"var(--ast-global-color-5)","background-image":"","background-repeat":"repeat","background-position":"center center","background-size":"auto","background-attachment":"scroll","background-type":"","background-media":"","overlay-type":"","overlay-color":"","overlay-opacity":"","overlay-gradient":""},"mobile":{"background-color":"var(--ast-global-color-5)","background-image":"","background-repeat":"repeat","background-position":"center center","background-size":"auto","background-attachment":"scroll","background-type":"","background-media":"","overlay-type":"","overlay-color":"","overlay-opacity":"","overlay-gradient":""}},"_joinchat":[]},"product_brand":[35],"product_cat":[49,66],"product_tag":[58],"class_list":{"0":"post-2377","1":"product","2":"type-product","3":"status-publish","4":"has-post-thumbnail","6":"product_brand-especias-bi","7":"product_cat-semillas-pepas","8":"product_cat-todos-los-productos","9":"product_tag-entero","10":"desktop-align-center","11":"tablet-align-left","12":"mobile-align-left","14":"first","15":"instock","16":"shipping-taxable","17":"purchasable","18":"product-type-simple"},"uagb_featured_image_src":{"full":["https:\/\/especiasbi.com\/tienda\/wp-content\/uploads\/2025\/12\/Clavo-Entero-1.jpg",664,800,false],"thumbnail":["https:\/\/especiasbi.com\/tienda\/wp-content\/uploads\/2025\/12\/Clavo-Entero-1-150x150.jpg",150,150,true],"medium":["https:\/\/especiasbi.com\/tienda\/wp-content\/uploads\/2025\/12\/Clavo-Entero-1-249x300.jpg",249,300,true],"medium_large":["https:\/\/especiasbi.com\/tienda\/wp-content\/uploads\/2025\/12\/Clavo-Entero-1.jpg",664,800,false],"large":["https:\/\/especiasbi.com\/tienda\/wp-content\/uploads\/2025\/12\/Clavo-Entero-1.jpg",664,800,false],"1536x1536":["https:\/\/especiasbi.com\/tienda\/wp-content\/uploads\/2025\/12\/Clavo-Entero-1.jpg",664,800,false],"2048x2048":["https:\/\/especiasbi.com\/tienda\/wp-content\/uploads\/2025\/12\/Clavo-Entero-1.jpg",664,800,false],"woocommerce_thumbnail":["https:\/\/especiasbi.com\/tienda\/wp-content\/uploads\/2025\/12\/Clavo-Entero-1-300x300.jpg",300,300,true],"woocommerce_single":["https:\/\/especiasbi.com\/tienda\/wp-content\/uploads\/2025\/12\/Clavo-Entero-1-600x723.jpg",600,723,true],"woocommerce_gallery_thumbnail":["https:\/\/especiasbi.com\/tienda\/wp-content\/uploads\/2025\/12\/Clavo-Entero-1-100x100.jpg",100,100,true]},"uagb_author_info":{"display_name":"Especias Bi \/ Tienda","author_link":"https:\/\/especiasbi.com\/tienda\/author\/"},"uagb_comment_info":0,"uagb_excerpt":"Clavo de Olor entero","_links":{"self":[{"href":"https:\/\/especiasbi.com\/tienda\/wp-json\/wp\/v2\/product\/2377","targetHints":{"allow":["GET"]}}],"collection":[{"href":"https:\/\/especiasbi.com\/tienda\/wp-json\/wp\/v2\/product"}],"about":[{"href":"https:\/\/especiasbi.com\/tienda\/wp-json\/wp\/v2\/types\/product"}],"wp:featuredmedia":[{"embeddable":true,"href":"https:\/\/especiasbi.com\/tienda\/wp-json\/wp\/v2\/media\/2381"}],"wp:attachment":[{"href":"https:\/\/especiasbi.com\/tienda\/wp-json\/wp\/v2\/media?parent=2377"}],"wp:term":[{"taxonomy":"product_brand","embeddable":true,"href":"https:\/\/especiasbi.com\/tienda\/wp-json\/wp\/v2\/product_brand?post=2377"},{"taxonomy":"product_cat","embeddable":true,"href":"https:\/\/especiasbi.com\/tienda\/wp-json\/wp\/v2\/product_cat?post=2377"},{"taxonomy":"product_tag","embeddable":true,"href":"https:\/\/especiasbi.com\/tienda\/wp-json\/wp\/v2\/product_tag?post=2377"}],"curies":[{"name":"wp","href":"https:\/\/api.w.org\/{rel}","templated":true}]}}