{"id":2779,"date":"2025-12-13T11:08:51","date_gmt":"2025-12-13T16:08:51","guid":{"rendered":"https:\/\/especiasbi.com\/tienda\/?post_type=product&#038;p=2779"},"modified":"2026-03-11T19:16:21","modified_gmt":"2026-03-12T00:16:21","slug":"infusion-digestiva","status":"publish","type":"product","link":"https:\/\/especiasbi.com\/tienda\/producto\/infusion-digestiva\/","title":{"rendered":"Infusi\u00f3n Digestiva"},"content":{"rendered":"<p>Resultado: una infusi\u00f3n limpia, efectiva y suave para el sistema digestivo, sin notas dulzonas ni c\u00edtricas a\u00f1adidas, enfocada en beneficios digestivos netos.<\/p>\n<h4><strong>Funci\u00f3n de cada ingrediente:<\/strong><\/h4>\n<p>Menta y manzanilla: calman espasmos, alivian el est\u00f3mago y relajan.<br \/>\nHinojo y an\u00eds pepa: potentes carminativos, reducen gases e hinchaz\u00f3n.<br \/>\nCoriandro: frescura c\u00edtrica suave, mejora digesti\u00f3n y metabolismo.<br \/>\nJengibre: activa la digesti\u00f3n, combate n\u00e1useas y pesadez.<\/p>\n<p>Esta mezcla tiene propiedades diur\u00e9ticas que ayudan a mejorar nuestro sistema digestivo, tiene diversos nutrientes, vitaminas y minerales que hacen de esta bebida un excelente complemento para nuestra dieta de nuestro d\u00eda a d\u00eda.<\/p>\n<h4><strong>Recomendamos tomarlo en las ma\u00f1anas en ayunas con agua caliente.<\/strong><\/h4>\n<p>Para una taza: 1 cucharadita de la Infusi\u00f3n Digestiva para 150 o 200 ml de agua caliente, seg\u00fan el gusto)<\/p>\n","protected":false},"excerpt":{"rendered":"<p>(Menta molida, manzanilla molida, jengibre molido, coriandro pepa, hinojo pepas y an\u00eds en pepas)<\/p>\n","protected":false},"featured_media":3215,"template":"","meta":{"_uag_custom_page_level_css":"","site-sidebar-layout":"default","site-content-layout":"","ast-site-content-layout":"default","site-content-style":"default","site-sidebar-style":"default","ast-global-header-display":"","ast-banner-title-visibility":"","ast-main-header-display":"","ast-hfb-above-header-display":"","ast-hfb-below-header-display":"","ast-hfb-mobile-header-display":"","site-post-title":"","ast-breadcrumbs-content":"","ast-featured-img":"","footer-sml-layout":"","ast-disable-related-posts":"","theme-transparent-header-meta":"default","adv-header-id-meta":"","stick-header-meta":"","header-above-stick-meta":"","header-main-stick-meta":"","header-below-stick-meta":"","astra-migrate-meta-layouts":"set","ast-page-background-enabled":"default","ast-page-background-meta":{"desktop":{"background-color":"var(--ast-global-color-4)","background-image":"","background-repeat":"repeat","background-position":"center center","background-size":"auto","background-attachment":"scroll","background-type":"","background-media":"","overlay-type":"","overlay-color":"","overlay-opacity":"","overlay-gradient":""},"tablet":{"background-color":"","background-image":"","background-repeat":"repeat","background-position":"center center","background-size":"auto","background-attachment":"scroll","background-type":"","background-media":"","overlay-type":"","overlay-color":"","overlay-opacity":"","overlay-gradient":""},"mobile":{"background-color":"","background-image":"","background-repeat":"repeat","background-position":"center center","background-size":"auto","background-attachment":"scroll","background-type":"","background-media":"","overlay-type":"","overlay-color":"","overlay-opacity":"","overlay-gradient":""}},"ast-content-background-meta":{"desktop":{"background-color":"var(--ast-global-color-5)","background-image":"","background-repeat":"repeat","background-position":"center center","background-size":"auto","background-attachment":"scroll","background-type":"","background-media":"","overlay-type":"","overlay-color":"","overlay-opacity":"","overlay-gradient":""},"tablet":{"background-color":"var(--ast-global-color-5)","background-image":"","background-repeat":"repeat","background-position":"center center","background-size":"auto","background-attachment":"scroll","background-type":"","background-media":"","overlay-type":"","overlay-color":"","overlay-opacity":"","overlay-gradient":""},"mobile":{"background-color":"var(--ast-global-color-5)","background-image":"","background-repeat":"repeat","background-position":"center center","background-size":"auto","background-attachment":"scroll","background-type":"","background-media":"","overlay-type":"","overlay-color":"","overlay-opacity":"","overlay-gradient":""}},"_joinchat":[]},"product_brand":[35],"product_cat":[41,66],"product_tag":[52,62,55],"class_list":{"0":"post-2779","1":"product","2":"type-product","3":"status-publish","4":"has-post-thumbnail","6":"product_brand-especias-bi","7":"product_cat-infusion-te-bebidas","8":"product_cat-todos-los-productos","9":"product_tag-escamas","10":"product_tag-mezcla","11":"product_tag-semillas","12":"desktop-align-center","13":"tablet-align-left","14":"mobile-align-left","16":"first","17":"instock","18":"shipping-taxable","19":"purchasable","20":"product-type-simple"},"uagb_featured_image_src":{"full":["https:\/\/especiasbi.com\/tienda\/wp-content\/uploads\/2025\/12\/Infusion-Digestiva-1.jpg",600,723,false],"thumbnail":["https:\/\/especiasbi.com\/tienda\/wp-content\/uploads\/2025\/12\/Infusion-Digestiva-1-150x150.jpg",150,150,true],"medium":["https:\/\/especiasbi.com\/tienda\/wp-content\/uploads\/2025\/12\/Infusion-Digestiva-1-249x300.jpg",249,300,true],"medium_large":["https:\/\/especiasbi.com\/tienda\/wp-content\/uploads\/2025\/12\/Infusion-Digestiva-1.jpg",600,723,false],"large":["https:\/\/especiasbi.com\/tienda\/wp-content\/uploads\/2025\/12\/Infusion-Digestiva-1.jpg",600,723,false],"1536x1536":["https:\/\/especiasbi.com\/tienda\/wp-content\/uploads\/2025\/12\/Infusion-Digestiva-1.jpg",600,723,false],"2048x2048":["https:\/\/especiasbi.com\/tienda\/wp-content\/uploads\/2025\/12\/Infusion-Digestiva-1.jpg",600,723,false],"woocommerce_thumbnail":["https:\/\/especiasbi.com\/tienda\/wp-content\/uploads\/2025\/12\/Infusion-Digestiva-1-300x300.jpg",300,300,true],"woocommerce_single":["https:\/\/especiasbi.com\/tienda\/wp-content\/uploads\/2025\/12\/Infusion-Digestiva-1.jpg",600,723,false],"woocommerce_gallery_thumbnail":["https:\/\/especiasbi.com\/tienda\/wp-content\/uploads\/2025\/12\/Infusion-Digestiva-1-100x100.jpg",100,100,true]},"uagb_author_info":{"display_name":"Especias Bi \/ Tienda","author_link":"https:\/\/especiasbi.com\/tienda\/author\/"},"uagb_comment_info":0,"uagb_excerpt":"(Menta molida, manzanilla molida, jengibre molido, coriandro pepa, hinojo pepas y an\u00eds en pepas)","_links":{"self":[{"href":"https:\/\/especiasbi.com\/tienda\/wp-json\/wp\/v2\/product\/2779","targetHints":{"allow":["GET"]}}],"collection":[{"href":"https:\/\/especiasbi.com\/tienda\/wp-json\/wp\/v2\/product"}],"about":[{"href":"https:\/\/especiasbi.com\/tienda\/wp-json\/wp\/v2\/types\/product"}],"wp:featuredmedia":[{"embeddable":true,"href":"https:\/\/especiasbi.com\/tienda\/wp-json\/wp\/v2\/media\/3215"}],"wp:attachment":[{"href":"https:\/\/especiasbi.com\/tienda\/wp-json\/wp\/v2\/media?parent=2779"}],"wp:term":[{"taxonomy":"product_brand","embeddable":true,"href":"https:\/\/especiasbi.com\/tienda\/wp-json\/wp\/v2\/product_brand?post=2779"},{"taxonomy":"product_cat","embeddable":true,"href":"https:\/\/especiasbi.com\/tienda\/wp-json\/wp\/v2\/product_cat?post=2779"},{"taxonomy":"product_tag","embeddable":true,"href":"https:\/\/especiasbi.com\/tienda\/wp-json\/wp\/v2\/product_tag?post=2779"}],"curies":[{"name":"wp","href":"https:\/\/api.w.org\/{rel}","templated":true}]}}