{"id":2801,"date":"2025-12-13T11:30:26","date_gmt":"2025-12-13T16:30:26","guid":{"rendered":"https:\/\/especiasbi.com\/tienda\/?post_type=product&#038;p=2801"},"modified":"2026-04-05T16:55:12","modified_gmt":"2026-04-05T21:55:12","slug":"sal-de-limon","status":"publish","type":"product","link":"https:\/\/especiasbi.com\/tienda\/producto\/sal-de-limon\/","title":{"rendered":"Sal de Lim\u00f3n"},"content":{"rendered":"<p>La sal de lim\u00f3n es una mezcla refrescante y equilibrada que combina la pureza de la sal con el toque c\u00edtrico y vibrante del lim\u00f3n. Aporta un sabor \u00e1cido y ligero que realza los alimentos sin opacarlos, convirti\u00e9ndose en un condimento vers\u00e1til y moderno para todo tipo de preparaciones. Envasada en un frasco de vidrio, conserva su frescura, aroma y calidad.<\/p>\n<h5><strong>Beneficios para la salud:<\/strong><\/h5>\n<p>El lim\u00f3n aporta antioxidantes naturales y vitamina C, que contribuyen al fortalecimiento del sistema inmunol\u00f3gico. Esta mezcla estimula la digesti\u00f3n, ayuda a realzar el sabor de los alimentos reduciendo la necesidad de exceso de sal y aporta una sensaci\u00f3n refrescante al paladar.<\/p>\n<h5><strong>Usos sugeridos:<\/strong><\/h5>\n<p>Ideal para frutas frescas, ensaladas, pescados, mariscos y vegetales. Perfecta para micheladas, cocteles, snacks, palomitas y papas fritas. Excelente para carnes blancas, arroces y preparaciones donde se busque un toque c\u00edtrico y balanceado.<\/p>\n<p>-Papas fritas<br \/>\n-Cocteles, Tragos, micheladas, etc..<br \/>\n-Pollo asado<br \/>\n-Palomitas de ma\u00edz<br \/>\n-Sopa de tomate<\/p>\n","protected":false},"excerpt":{"rendered":"<p>(Sal marina fina con Limon deshidratado y molido sin la corteza)<\/p>\n","protected":false},"featured_media":2807,"template":"","meta":{"_uag_custom_page_level_css":"","site-sidebar-layout":"default","site-content-layout":"","ast-site-content-layout":"default","site-content-style":"default","site-sidebar-style":"default","ast-global-header-display":"","ast-banner-title-visibility":"","ast-main-header-display":"","ast-hfb-above-header-display":"","ast-hfb-below-header-display":"","ast-hfb-mobile-header-display":"","site-post-title":"","ast-breadcrumbs-content":"","ast-featured-img":"","footer-sml-layout":"","ast-disable-related-posts":"","theme-transparent-header-meta":"default","adv-header-id-meta":"","stick-header-meta":"","header-above-stick-meta":"","header-main-stick-meta":"","header-below-stick-meta":"","astra-migrate-meta-layouts":"set","ast-page-background-enabled":"default","ast-page-background-meta":{"desktop":{"background-color":"var(--ast-global-color-4)","background-image":"","background-repeat":"repeat","background-position":"center center","background-size":"auto","background-attachment":"scroll","background-type":"","background-media":"","overlay-type":"","overlay-color":"","overlay-opacity":"","overlay-gradient":""},"tablet":{"background-color":"","background-image":"","background-repeat":"repeat","background-position":"center center","background-size":"auto","background-attachment":"scroll","background-type":"","background-media":"","overlay-type":"","overlay-color":"","overlay-opacity":"","overlay-gradient":""},"mobile":{"background-color":"","background-image":"","background-repeat":"repeat","background-position":"center center","background-size":"auto","background-attachment":"scroll","background-type":"","background-media":"","overlay-type":"","overlay-color":"","overlay-opacity":"","overlay-gradient":""}},"ast-content-background-meta":{"desktop":{"background-color":"var(--ast-global-color-5)","background-image":"","background-repeat":"repeat","background-position":"center center","background-size":"auto","background-attachment":"scroll","background-type":"","background-media":"","overlay-type":"","overlay-color":"","overlay-opacity":"","overlay-gradient":""},"tablet":{"background-color":"var(--ast-global-color-5)","background-image":"","background-repeat":"repeat","background-position":"center center","background-size":"auto","background-attachment":"scroll","background-type":"","background-media":"","overlay-type":"","overlay-color":"","overlay-opacity":"","overlay-gradient":""},"mobile":{"background-color":"var(--ast-global-color-5)","background-image":"","background-repeat":"repeat","background-position":"center center","background-size":"auto","background-attachment":"scroll","background-type":"","background-media":"","overlay-type":"","overlay-color":"","overlay-opacity":"","overlay-gradient":""}},"_joinchat":[]},"product_brand":[35],"product_cat":[48,66],"product_tag":[63,62],"class_list":{"0":"post-2801","1":"product","2":"type-product","3":"status-publish","4":"has-post-thumbnail","6":"product_brand-especias-bi","7":"product_cat-sales","8":"product_cat-todos-los-productos","9":"product_tag-grano-medio","10":"product_tag-mezcla","11":"desktop-align-center","12":"tablet-align-left","13":"mobile-align-left","15":"first","16":"instock","17":"shipping-taxable","18":"purchasable","19":"product-type-simple"},"uagb_featured_image_src":{"full":["https:\/\/especiasbi.com\/tienda\/wp-content\/uploads\/2025\/12\/Saldelimon2.jpg",664,800,false],"thumbnail":["https:\/\/especiasbi.com\/tienda\/wp-content\/uploads\/2025\/12\/Saldelimon2-150x150.jpg",150,150,true],"medium":["https:\/\/especiasbi.com\/tienda\/wp-content\/uploads\/2025\/12\/Saldelimon2-249x300.jpg",249,300,true],"medium_large":["https:\/\/especiasbi.com\/tienda\/wp-content\/uploads\/2025\/12\/Saldelimon2.jpg",664,800,false],"large":["https:\/\/especiasbi.com\/tienda\/wp-content\/uploads\/2025\/12\/Saldelimon2.jpg",664,800,false],"1536x1536":["https:\/\/especiasbi.com\/tienda\/wp-content\/uploads\/2025\/12\/Saldelimon2.jpg",664,800,false],"2048x2048":["https:\/\/especiasbi.com\/tienda\/wp-content\/uploads\/2025\/12\/Saldelimon2.jpg",664,800,false],"woocommerce_thumbnail":["https:\/\/especiasbi.com\/tienda\/wp-content\/uploads\/2025\/12\/Saldelimon2-300x300.jpg",300,300,true],"woocommerce_single":["https:\/\/especiasbi.com\/tienda\/wp-content\/uploads\/2025\/12\/Saldelimon2-600x723.jpg",600,723,true],"woocommerce_gallery_thumbnail":["https:\/\/especiasbi.com\/tienda\/wp-content\/uploads\/2025\/12\/Saldelimon2-100x100.jpg",100,100,true]},"uagb_author_info":{"display_name":"Especias Bi \/ Tienda","author_link":"https:\/\/especiasbi.com\/tienda\/author\/"},"uagb_comment_info":0,"uagb_excerpt":"(Sal marina fina con Limon deshidratado y molido sin la corteza)","_links":{"self":[{"href":"https:\/\/especiasbi.com\/tienda\/wp-json\/wp\/v2\/product\/2801","targetHints":{"allow":["GET"]}}],"collection":[{"href":"https:\/\/especiasbi.com\/tienda\/wp-json\/wp\/v2\/product"}],"about":[{"href":"https:\/\/especiasbi.com\/tienda\/wp-json\/wp\/v2\/types\/product"}],"wp:featuredmedia":[{"embeddable":true,"href":"https:\/\/especiasbi.com\/tienda\/wp-json\/wp\/v2\/media\/2807"}],"wp:attachment":[{"href":"https:\/\/especiasbi.com\/tienda\/wp-json\/wp\/v2\/media?parent=2801"}],"wp:term":[{"taxonomy":"product_brand","embeddable":true,"href":"https:\/\/especiasbi.com\/tienda\/wp-json\/wp\/v2\/product_brand?post=2801"},{"taxonomy":"product_cat","embeddable":true,"href":"https:\/\/especiasbi.com\/tienda\/wp-json\/wp\/v2\/product_cat?post=2801"},{"taxonomy":"product_tag","embeddable":true,"href":"https:\/\/especiasbi.com\/tienda\/wp-json\/wp\/v2\/product_tag?post=2801"}],"curies":[{"name":"wp","href":"https:\/\/api.w.org\/{rel}","templated":true}]}}