{"id":2852,"date":"2025-12-13T12:56:46","date_gmt":"2025-12-13T17:56:46","guid":{"rendered":"https:\/\/especiasbi.com\/tienda\/?post_type=product&#038;p=2852"},"modified":"2026-01-15T01:30:09","modified_gmt":"2026-01-15T06:30:09","slug":"sen-hojas-molidas","status":"publish","type":"product","link":"https:\/\/especiasbi.com\/tienda\/producto\/sen-hojas-molidas\/","title":{"rendered":"Sen (hojas molidas)"},"content":{"rendered":"<h4><strong>NOTA IMPORTANTE:<\/strong><\/h4>\n<p>Su consumo debe ser moderado y bajo recomendaci\u00f3n, especialmente en personas sensibles, embarazadas o en periodos de lactancia. No se recomienda un uso prolongado.<\/p>\n<p>La Hoja de Sen Molida es una planta tradicionalmente utilizada en infusiones naturales por sus reconocidos efectos digestivos y depurativos. Con un sabor herbal caracter\u00edstico, es muy valorada en la medicina natural para promover el bienestar intestinal. Envasada en un frasco de vidrio, que mantiene intactas sus propiedades y frescura.<\/p>\n<h4><strong>Beneficios para la salud:<\/strong><\/h4>\n<p>-Conocida por su efecto laxante natural, favorece el tr\u00e1nsito intestinal.<br \/>\n-Puede ayudar a aliviar el estre\u00f1imiento ocasional.<br \/>\n-Apoya los procesos de desintoxicaci\u00f3n y depuraci\u00f3n del organismo.<br \/>\n-Tradicionalmente usada para mantener una digesti\u00f3n ligera y saludable.<\/p>\n<h4><em><strong>Nota IMPORTANTE<\/strong><\/em>:<\/h4>\n<p>Su consumo debe ser moderado y bajo recomendaci\u00f3n, especialmente en personas sensibles, embarazadas o en periodos de lactancia. No se recomienda un uso prolongado.<\/p>\n<h4>Usos sugeridos:<\/h4>\n<p>-Principalmente utilizada en la preparaci\u00f3n de infusiones y t\u00e9s digestivos.<br \/>\n-Puede combinarse con otras hierbas naturales para suavizar su sabor y potenciar beneficios.<br \/>\n-Apta para mezclas herbales de bienestar.<\/p>\n<p>Presentaci\u00f3n en frasco de vidrio reutilizable, pr\u00e1ctico, elegante y ecol\u00f3gico.<\/p>\n<p>Aprovecha los beneficios tradicionales de la Hoja de Sen Molida, un apoyo natural para el bienestar digestivo.<\/p>\n","protected":false},"excerpt":{"rendered":"<p>Hojas de sen\u00a0 deshidratadas molidas<\/p>\n","protected":false},"featured_media":3190,"template":"","meta":{"_uag_custom_page_level_css":"","site-sidebar-layout":"default","site-content-layout":"","ast-site-content-layout":"default","site-content-style":"default","site-sidebar-style":"default","ast-global-header-display":"","ast-banner-title-visibility":"","ast-main-header-display":"","ast-hfb-above-header-display":"","ast-hfb-below-header-display":"","ast-hfb-mobile-header-display":"","site-post-title":"","ast-breadcrumbs-content":"","ast-featured-img":"","footer-sml-layout":"","ast-disable-related-posts":"","theme-transparent-header-meta":"default","adv-header-id-meta":"","stick-header-meta":"","header-above-stick-meta":"","header-main-stick-meta":"","header-below-stick-meta":"","astra-migrate-meta-layouts":"set","ast-page-background-enabled":"default","ast-page-background-meta":{"desktop":{"background-color":"var(--ast-global-color-4)","background-image":"","background-repeat":"repeat","background-position":"center center","background-size":"auto","background-attachment":"scroll","background-type":"","background-media":"","overlay-type":"","overlay-color":"","overlay-opacity":"","overlay-gradient":""},"tablet":{"background-color":"","background-image":"","background-repeat":"repeat","background-position":"center center","background-size":"auto","background-attachment":"scroll","background-type":"","background-media":"","overlay-type":"","overlay-color":"","overlay-opacity":"","overlay-gradient":""},"mobile":{"background-color":"","background-image":"","background-repeat":"repeat","background-position":"center center","background-size":"auto","background-attachment":"scroll","background-type":"","background-media":"","overlay-type":"","overlay-color":"","overlay-opacity":"","overlay-gradient":""}},"ast-content-background-meta":{"desktop":{"background-color":"var(--ast-global-color-5)","background-image":"","background-repeat":"repeat","background-position":"center center","background-size":"auto","background-attachment":"scroll","background-type":"","background-media":"","overlay-type":"","overlay-color":"","overlay-opacity":"","overlay-gradient":""},"tablet":{"background-color":"var(--ast-global-color-5)","background-image":"","background-repeat":"repeat","background-position":"center center","background-size":"auto","background-attachment":"scroll","background-type":"","background-media":"","overlay-type":"","overlay-color":"","overlay-opacity":"","overlay-gradient":""},"mobile":{"background-color":"var(--ast-global-color-5)","background-image":"","background-repeat":"repeat","background-position":"center center","background-size":"auto","background-attachment":"scroll","background-type":"","background-media":"","overlay-type":"","overlay-color":"","overlay-opacity":"","overlay-gradient":""}},"_joinchat":[]},"product_brand":[35],"product_cat":[47,66],"product_tag":[39],"class_list":{"0":"post-2852","1":"product","2":"type-product","3":"status-publish","4":"has-post-thumbnail","6":"product_brand-especias-bi","7":"product_cat-hierbas-hojas-flores","8":"product_cat-todos-los-productos","9":"product_tag-molido","10":"desktop-align-center","11":"tablet-align-left","12":"mobile-align-left","14":"first","15":"instock","16":"shipping-taxable","17":"purchasable","18":"product-type-simple"},"uagb_featured_image_src":{"full":["https:\/\/especiasbi.com\/tienda\/wp-content\/uploads\/2025\/12\/Sen.jpg",600,723,false],"thumbnail":["https:\/\/especiasbi.com\/tienda\/wp-content\/uploads\/2025\/12\/Sen-150x150.jpg",150,150,true],"medium":["https:\/\/especiasbi.com\/tienda\/wp-content\/uploads\/2025\/12\/Sen-249x300.jpg",249,300,true],"medium_large":["https:\/\/especiasbi.com\/tienda\/wp-content\/uploads\/2025\/12\/Sen.jpg",600,723,false],"large":["https:\/\/especiasbi.com\/tienda\/wp-content\/uploads\/2025\/12\/Sen.jpg",600,723,false],"1536x1536":["https:\/\/especiasbi.com\/tienda\/wp-content\/uploads\/2025\/12\/Sen.jpg",600,723,false],"2048x2048":["https:\/\/especiasbi.com\/tienda\/wp-content\/uploads\/2025\/12\/Sen.jpg",600,723,false],"woocommerce_thumbnail":["https:\/\/especiasbi.com\/tienda\/wp-content\/uploads\/2025\/12\/Sen-300x300.jpg",300,300,true],"woocommerce_single":["https:\/\/especiasbi.com\/tienda\/wp-content\/uploads\/2025\/12\/Sen.jpg",600,723,false],"woocommerce_gallery_thumbnail":["https:\/\/especiasbi.com\/tienda\/wp-content\/uploads\/2025\/12\/Sen-100x100.jpg",100,100,true]},"uagb_author_info":{"display_name":"Especias Bi \/ Tienda","author_link":"https:\/\/especiasbi.com\/tienda\/author\/"},"uagb_comment_info":0,"uagb_excerpt":"Hojas de sen\u00a0 deshidratadas molidas","_links":{"self":[{"href":"https:\/\/especiasbi.com\/tienda\/wp-json\/wp\/v2\/product\/2852","targetHints":{"allow":["GET"]}}],"collection":[{"href":"https:\/\/especiasbi.com\/tienda\/wp-json\/wp\/v2\/product"}],"about":[{"href":"https:\/\/especiasbi.com\/tienda\/wp-json\/wp\/v2\/types\/product"}],"wp:featuredmedia":[{"embeddable":true,"href":"https:\/\/especiasbi.com\/tienda\/wp-json\/wp\/v2\/media\/3190"}],"wp:attachment":[{"href":"https:\/\/especiasbi.com\/tienda\/wp-json\/wp\/v2\/media?parent=2852"}],"wp:term":[{"taxonomy":"product_brand","embeddable":true,"href":"https:\/\/especiasbi.com\/tienda\/wp-json\/wp\/v2\/product_brand?post=2852"},{"taxonomy":"product_cat","embeddable":true,"href":"https:\/\/especiasbi.com\/tienda\/wp-json\/wp\/v2\/product_cat?post=2852"},{"taxonomy":"product_tag","embeddable":true,"href":"https:\/\/especiasbi.com\/tienda\/wp-json\/wp\/v2\/product_tag?post=2852"}],"curies":[{"name":"wp","href":"https:\/\/api.w.org\/{rel}","templated":true}]}}