{"id":2888,"date":"2025-12-13T13:21:23","date_gmt":"2025-12-13T18:21:23","guid":{"rendered":"https:\/\/especiasbi.com\/tienda\/?post_type=product&#038;p=2888"},"modified":"2026-03-14T16:15:18","modified_gmt":"2026-03-14T21:15:18","slug":"spice-blend-for-shirmp","status":"publish","type":"product","link":"https:\/\/especiasbi.com\/tienda\/producto\/spice-blend-for-shirmp\/","title":{"rendered":"Spice Blend For Shirmp"},"content":{"rendered":"<p>Spice Blend for Shrimp (condimento para camarones), una fusi\u00f3n perfecta de ajo, cebolla, piment\u00f3n, eneldo, puerro, lim\u00f3n, pimienta blanca, y all spice, dise\u00f1ada para elevar tus platos de camarones a otro nivel. Fresco, c\u00edtrico y vibrante, este blend transforma cada preparaci\u00f3n en una experiencia gourmet que evoca la brisa marina y la cocina mediterr\u00e1nea. Ideal para quienes buscan darle un toque \u00fanico y profesional a sus recetas con mariscos.<\/p>\n<h4><strong>Beneficios:<\/strong><\/h4>\n<p>-Realza el sabor natural de los mariscos con un equilibrio fresco, c\u00edtrico y arom\u00e1tico.<br \/>\n-Mezcla pr\u00e1ctica y lista para usar, ahorra tiempo en la cocina.<br \/>\n-Ingredientes seleccionados en escamas y polvo que conservan m\u00e1xima intensidad de aroma y sabor.<br \/>\n-Toque c\u00edtrico natural gracias al lim\u00f3n deshidratado que aporta ligereza y frescura en cada bocado.<\/p>\n<p><strong>Vers\u00e1til:<\/strong> funciona no solo en camarones, sino tambi\u00e9n en pescados, calamares y mejillones (<em>MARISCOS<\/em>).<\/p>\n<h4><strong>Sugerencias de uso<\/strong><\/h4>\n<p>-Camarones a la plancha, enchilados o a la parrilla. La mezcla no contiene sal. Puede agregar sal al gusto si as\u00ed lo desea.<br \/>\n-Marinados r\u00e1pidos: mezcla con aceite de oliva y lim\u00f3n, deja reposar los camarones 15 min antes de cocinar.<br \/>\n-Pastas y arroces con mariscos: agrega una pizca al final de la cocci\u00f3n para potenciar el sabor.<br \/>\n-Salsas cremosas o mantequilla derretida: incorpora la mezcla para crear dips o acompa\u00f1antes irresistibles.<\/p>\n<p>Presentaci\u00f3n en frasco de vidrio reutilizable, elegante, pr\u00e1ctico y ecol\u00f3gico.<\/p>\n","protected":false},"excerpt":{"rendered":"<p>Spice Blend For Shirmp \/ Condimento para camarones (eneldo deshidratado triturado, ajo escamas, cebolla escamas, pimienta blanca molida, Pimient\u00f3n escamas, Puerro escamas, lim\u00f3n deshidratado molido, all spice molido)<\/p>\n","protected":false},"featured_media":2894,"template":"","meta":{"_uag_custom_page_level_css":"","site-sidebar-layout":"default","site-content-layout":"","ast-site-content-layout":"default","site-content-style":"default","site-sidebar-style":"default","ast-global-header-display":"","ast-banner-title-visibility":"","ast-main-header-display":"","ast-hfb-above-header-display":"","ast-hfb-below-header-display":"","ast-hfb-mobile-header-display":"","site-post-title":"","ast-breadcrumbs-content":"","ast-featured-img":"","footer-sml-layout":"","ast-disable-related-posts":"","theme-transparent-header-meta":"default","adv-header-id-meta":"","stick-header-meta":"","header-above-stick-meta":"","header-main-stick-meta":"","header-below-stick-meta":"","astra-migrate-meta-layouts":"set","ast-page-background-enabled":"default","ast-page-background-meta":{"desktop":{"background-color":"var(--ast-global-color-4)","background-image":"","background-repeat":"repeat","background-position":"center center","background-size":"auto","background-attachment":"scroll","background-type":"","background-media":"","overlay-type":"","overlay-color":"","overlay-opacity":"","overlay-gradient":""},"tablet":{"background-color":"","background-image":"","background-repeat":"repeat","background-position":"center center","background-size":"auto","background-attachment":"scroll","background-type":"","background-media":"","overlay-type":"","overlay-color":"","overlay-opacity":"","overlay-gradient":""},"mobile":{"background-color":"","background-image":"","background-repeat":"repeat","background-position":"center center","background-size":"auto","background-attachment":"scroll","background-type":"","background-media":"","overlay-type":"","overlay-color":"","overlay-opacity":"","overlay-gradient":""}},"ast-content-background-meta":{"desktop":{"background-color":"var(--ast-global-color-5)","background-image":"","background-repeat":"repeat","background-position":"center center","background-size":"auto","background-attachment":"scroll","background-type":"","background-media":"","overlay-type":"","overlay-color":"","overlay-opacity":"","overlay-gradient":""},"tablet":{"background-color":"var(--ast-global-color-5)","background-image":"","background-repeat":"repeat","background-position":"center center","background-size":"auto","background-attachment":"scroll","background-type":"","background-media":"","overlay-type":"","overlay-color":"","overlay-opacity":"","overlay-gradient":""},"mobile":{"background-color":"var(--ast-global-color-5)","background-image":"","background-repeat":"repeat","background-position":"center center","background-size":"auto","background-attachment":"scroll","background-type":"","background-media":"","overlay-type":"","overlay-color":"","overlay-opacity":"","overlay-gradient":""}},"_joinchat":[]},"product_brand":[35],"product_cat":[36,66],"product_tag":[52,62],"class_list":{"0":"post-2888","1":"product","2":"type-product","3":"status-publish","4":"has-post-thumbnail","6":"product_brand-especias-bi","7":"product_cat-masalas-currys","8":"product_cat-todos-los-productos","9":"product_tag-escamas","10":"product_tag-mezcla","11":"desktop-align-center","12":"tablet-align-left","13":"mobile-align-left","15":"first","16":"instock","17":"shipping-taxable","18":"purchasable","19":"product-type-simple"},"uagb_featured_image_src":{"full":["https:\/\/especiasbi.com\/tienda\/wp-content\/uploads\/2025\/12\/SpiceBlendforShirmp.jpg",664,800,false],"thumbnail":["https:\/\/especiasbi.com\/tienda\/wp-content\/uploads\/2025\/12\/SpiceBlendforShirmp-150x150.jpg",150,150,true],"medium":["https:\/\/especiasbi.com\/tienda\/wp-content\/uploads\/2025\/12\/SpiceBlendforShirmp-249x300.jpg",249,300,true],"medium_large":["https:\/\/especiasbi.com\/tienda\/wp-content\/uploads\/2025\/12\/SpiceBlendforShirmp.jpg",664,800,false],"large":["https:\/\/especiasbi.com\/tienda\/wp-content\/uploads\/2025\/12\/SpiceBlendforShirmp.jpg",664,800,false],"1536x1536":["https:\/\/especiasbi.com\/tienda\/wp-content\/uploads\/2025\/12\/SpiceBlendforShirmp.jpg",664,800,false],"2048x2048":["https:\/\/especiasbi.com\/tienda\/wp-content\/uploads\/2025\/12\/SpiceBlendforShirmp.jpg",664,800,false],"woocommerce_thumbnail":["https:\/\/especiasbi.com\/tienda\/wp-content\/uploads\/2025\/12\/SpiceBlendforShirmp-300x300.jpg",300,300,true],"woocommerce_single":["https:\/\/especiasbi.com\/tienda\/wp-content\/uploads\/2025\/12\/SpiceBlendforShirmp-600x723.jpg",600,723,true],"woocommerce_gallery_thumbnail":["https:\/\/especiasbi.com\/tienda\/wp-content\/uploads\/2025\/12\/SpiceBlendforShirmp-100x100.jpg",100,100,true]},"uagb_author_info":{"display_name":"Especias Bi \/ Tienda","author_link":"https:\/\/especiasbi.com\/tienda\/author\/"},"uagb_comment_info":0,"uagb_excerpt":"Spice Blend For Shirmp \/ Condimento para camarones (eneldo deshidratado triturado, ajo escamas, cebolla escamas, pimienta blanca molida, Pimient\u00f3n escamas, Puerro escamas, lim\u00f3n deshidratado molido, all spice molido)","_links":{"self":[{"href":"https:\/\/especiasbi.com\/tienda\/wp-json\/wp\/v2\/product\/2888","targetHints":{"allow":["GET"]}}],"collection":[{"href":"https:\/\/especiasbi.com\/tienda\/wp-json\/wp\/v2\/product"}],"about":[{"href":"https:\/\/especiasbi.com\/tienda\/wp-json\/wp\/v2\/types\/product"}],"wp:featuredmedia":[{"embeddable":true,"href":"https:\/\/especiasbi.com\/tienda\/wp-json\/wp\/v2\/media\/2894"}],"wp:attachment":[{"href":"https:\/\/especiasbi.com\/tienda\/wp-json\/wp\/v2\/media?parent=2888"}],"wp:term":[{"taxonomy":"product_brand","embeddable":true,"href":"https:\/\/especiasbi.com\/tienda\/wp-json\/wp\/v2\/product_brand?post=2888"},{"taxonomy":"product_cat","embeddable":true,"href":"https:\/\/especiasbi.com\/tienda\/wp-json\/wp\/v2\/product_cat?post=2888"},{"taxonomy":"product_tag","embeddable":true,"href":"https:\/\/especiasbi.com\/tienda\/wp-json\/wp\/v2\/product_tag?post=2888"}],"curies":[{"name":"wp","href":"https:\/\/api.w.org\/{rel}","templated":true}]}}