{"id":2904,"date":"2025-12-13T13:37:31","date_gmt":"2025-12-13T18:37:31","guid":{"rendered":"https:\/\/especiasbi.com\/tienda\/?post_type=product&#038;p=2904"},"modified":"2026-03-14T16:52:20","modified_gmt":"2026-03-14T21:52:20","slug":"bunuelo-mix","status":"publish","type":"product","link":"https:\/\/especiasbi.com\/tienda\/producto\/bunuelo-mix\/","title":{"rendered":"Bu\u00f1uelo Mix"},"content":{"rendered":"<p>Bu\u00f1uelo Mix es una mezcla cuidadosamente dise\u00f1ada para adicionarle a la preparaci\u00edn de los bu\u00f1uelos, pandebonos o almoj\u00e1banas y lograr \u00e9stos con el sabor tradicional colombiano: crocantes por fuera, suaves y esponjosos por dentro. Su combinaci\u00f3n precisa de ingredientes arom\u00e1ticos realza la masa, aportando un toque c\u00e1lido, equilibrado y aut\u00e9ntico ideal para la temporada navide\u00f1a o cualquier momento especial. Tambi\u00e9n es recomendable para cualquier dulce o postre, combina perfectamente con cualquier dulce, aportandole asi mas vitalidad, aroma y sabor.<\/p>\n<h4>Usos sugeridos<\/h4>\n<p>-Bu\u00f1uelos tradicionales colombianos: a\u00f1ade la mezcla a la masa para potenciar aroma y mejorar el sabor final.<br \/>\n-Masa para pandebonos o almoj\u00e1banas: ofrece un toque arom\u00e1tico \u00fanico.<br \/>\n-Preparaciones fritas o de horno: ideal en masas ligeras para darle un car\u00e1cter especial.<br \/>\n-Dips y quesos untables: mezcla una pizca con queso crema para acompa\u00f1ar bu\u00f1uelos reci\u00e9n hechos.<br \/>\n-Bebidas calientes navide\u00f1as: un toque en chocolate o natilla puede aportar matices c\u00e1lidos y festivos.<\/p>\n<p><strong>Preparaci\u00f3n de Bu\u00f1uelos<\/strong><br \/>\n\u2022 10 a 15 g por kg de masa<br \/>\n\u2022 Mezclar uniformemente con harina y queso antes de fre\u00edr<br \/>\n\u2022 Permite resaltar el sabor caracter\u00edstico de la receta tradicional<\/p>\n<p><strong>Postres y masas dulces<\/strong><br \/>\n\u2022 5 a 10 g por kg<br \/>\n\u2022 Ideal para otras masas fritas o horneadas que requieran toque especiado<\/p>\n<p><strong>Panader\u00eda y reposter\u00eda<\/strong><br \/>\n\u2022 3 a 6 g por kg de mezcla<br \/>\n\u2022 A\u00f1adir a masas para pan dulce, rollos o galletas para potenciar aroma<\/p>\n","protected":false},"excerpt":{"rendered":"<p>Bu\u00f1uelo Mix (mezcla para bu\u00f1uelos, dulces, empanadas) 45g<br \/>\n(Panela pulverizada, Canela, nuez moscada, jengibre, clavo)<\/p>\n","protected":false},"featured_media":2909,"template":"","meta":{"_uag_custom_page_level_css":"","site-sidebar-layout":"default","site-content-layout":"","ast-site-content-layout":"default","site-content-style":"default","site-sidebar-style":"default","ast-global-header-display":"","ast-banner-title-visibility":"","ast-main-header-display":"","ast-hfb-above-header-display":"","ast-hfb-below-header-display":"","ast-hfb-mobile-header-display":"","site-post-title":"","ast-breadcrumbs-content":"","ast-featured-img":"","footer-sml-layout":"","ast-disable-related-posts":"","theme-transparent-header-meta":"default","adv-header-id-meta":"","stick-header-meta":"","header-above-stick-meta":"","header-main-stick-meta":"","header-below-stick-meta":"","astra-migrate-meta-layouts":"set","ast-page-background-enabled":"default","ast-page-background-meta":{"desktop":{"background-color":"var(--ast-global-color-4)","background-image":"","background-repeat":"repeat","background-position":"center center","background-size":"auto","background-attachment":"scroll","background-type":"","background-media":"","overlay-type":"","overlay-color":"","overlay-opacity":"","overlay-gradient":""},"tablet":{"background-color":"","background-image":"","background-repeat":"repeat","background-position":"center center","background-size":"auto","background-attachment":"scroll","background-type":"","background-media":"","overlay-type":"","overlay-color":"","overlay-opacity":"","overlay-gradient":""},"mobile":{"background-color":"","background-image":"","background-repeat":"repeat","background-position":"center center","background-size":"auto","background-attachment":"scroll","background-type":"","background-media":"","overlay-type":"","overlay-color":"","overlay-opacity":"","overlay-gradient":""}},"ast-content-background-meta":{"desktop":{"background-color":"var(--ast-global-color-5)","background-image":"","background-repeat":"repeat","background-position":"center center","background-size":"auto","background-attachment":"scroll","background-type":"","background-media":"","overlay-type":"","overlay-color":"","overlay-opacity":"","overlay-gradient":""},"tablet":{"background-color":"var(--ast-global-color-5)","background-image":"","background-repeat":"repeat","background-position":"center center","background-size":"auto","background-attachment":"scroll","background-type":"","background-media":"","overlay-type":"","overlay-color":"","overlay-opacity":"","overlay-gradient":""},"mobile":{"background-color":"var(--ast-global-color-5)","background-image":"","background-repeat":"repeat","background-position":"center center","background-size":"auto","background-attachment":"scroll","background-type":"","background-media":"","overlay-type":"","overlay-color":"","overlay-opacity":"","overlay-gradient":""}},"_joinchat":[]},"product_brand":[35],"product_cat":[38,66],"product_tag":[62,39],"class_list":{"0":"post-2904","1":"product","2":"type-product","3":"status-publish","4":"has-post-thumbnail","6":"product_brand-especias-bi","7":"product_cat-mezclas-mix","8":"product_cat-todos-los-productos","9":"product_tag-mezcla","10":"product_tag-molido","11":"desktop-align-center","12":"tablet-align-left","13":"mobile-align-left","15":"first","16":"instock","17":"shipping-taxable","18":"purchasable","19":"product-type-simple"},"uagb_featured_image_src":{"full":["https:\/\/especiasbi.com\/tienda\/wp-content\/uploads\/2025\/12\/Bunuelo-Mix.jpg",664,800,false],"thumbnail":["https:\/\/especiasbi.com\/tienda\/wp-content\/uploads\/2025\/12\/Bunuelo-Mix-150x150.jpg",150,150,true],"medium":["https:\/\/especiasbi.com\/tienda\/wp-content\/uploads\/2025\/12\/Bunuelo-Mix-249x300.jpg",249,300,true],"medium_large":["https:\/\/especiasbi.com\/tienda\/wp-content\/uploads\/2025\/12\/Bunuelo-Mix.jpg",664,800,false],"large":["https:\/\/especiasbi.com\/tienda\/wp-content\/uploads\/2025\/12\/Bunuelo-Mix.jpg",664,800,false],"1536x1536":["https:\/\/especiasbi.com\/tienda\/wp-content\/uploads\/2025\/12\/Bunuelo-Mix.jpg",664,800,false],"2048x2048":["https:\/\/especiasbi.com\/tienda\/wp-content\/uploads\/2025\/12\/Bunuelo-Mix.jpg",664,800,false],"woocommerce_thumbnail":["https:\/\/especiasbi.com\/tienda\/wp-content\/uploads\/2025\/12\/Bunuelo-Mix-300x300.jpg",300,300,true],"woocommerce_single":["https:\/\/especiasbi.com\/tienda\/wp-content\/uploads\/2025\/12\/Bunuelo-Mix-600x723.jpg",600,723,true],"woocommerce_gallery_thumbnail":["https:\/\/especiasbi.com\/tienda\/wp-content\/uploads\/2025\/12\/Bunuelo-Mix-100x100.jpg",100,100,true]},"uagb_author_info":{"display_name":"Especias Bi \/ Tienda","author_link":"https:\/\/especiasbi.com\/tienda\/author\/"},"uagb_comment_info":0,"uagb_excerpt":"Bu\u00f1uelo Mix (mezcla para bu\u00f1uelos, dulces, empanadas) 45g (Panela pulverizada, Canela, nuez moscada, jengibre, clavo)","_links":{"self":[{"href":"https:\/\/especiasbi.com\/tienda\/wp-json\/wp\/v2\/product\/2904","targetHints":{"allow":["GET"]}}],"collection":[{"href":"https:\/\/especiasbi.com\/tienda\/wp-json\/wp\/v2\/product"}],"about":[{"href":"https:\/\/especiasbi.com\/tienda\/wp-json\/wp\/v2\/types\/product"}],"wp:featuredmedia":[{"embeddable":true,"href":"https:\/\/especiasbi.com\/tienda\/wp-json\/wp\/v2\/media\/2909"}],"wp:attachment":[{"href":"https:\/\/especiasbi.com\/tienda\/wp-json\/wp\/v2\/media?parent=2904"}],"wp:term":[{"taxonomy":"product_brand","embeddable":true,"href":"https:\/\/especiasbi.com\/tienda\/wp-json\/wp\/v2\/product_brand?post=2904"},{"taxonomy":"product_cat","embeddable":true,"href":"https:\/\/especiasbi.com\/tienda\/wp-json\/wp\/v2\/product_cat?post=2904"},{"taxonomy":"product_tag","embeddable":true,"href":"https:\/\/especiasbi.com\/tienda\/wp-json\/wp\/v2\/product_tag?post=2904"}],"curies":[{"name":"wp","href":"https:\/\/api.w.org\/{rel}","templated":true}]}}