{"id":2917,"date":"2025-12-13T13:47:42","date_gmt":"2025-12-13T18:47:42","guid":{"rendered":"https:\/\/especiasbi.com\/tienda\/?post_type=product&#038;p=2917"},"modified":"2026-01-15T02:47:34","modified_gmt":"2026-01-15T07:47:34","slug":"michelada-mix","status":"publish","type":"product","link":"https:\/\/especiasbi.com\/tienda\/producto\/michelada-mix\/","title":{"rendered":"Michelada Mix"},"content":{"rendered":"<h4>&#8212;&#8212;&#8212;&#8212; <strong>IMPORTANTE<\/strong> &#8212;&#8212;&#8212;&#8212;&#8212;&#8212;&#8212;&#8212;&#8212;&#8212;&#8212;&#8212;&#8212;&#8212;&#8212;&#8212;-<\/h4>\n<p>La mezcla es <em>PICANTE<\/em>, no es recomendable usarlo en los bordes de los vasos (a menos que la persona le guste el picor) est\u00e1 dise\u00f1ada para hacerse menos picante al convinarse con la bebida. Si escarchas el vaso con la mezcla, su picor ser\u00eda muy intenso en los labios).<\/p>\n<p>Para escarchar vasos sugerimos otros productos con los que contamos:<br \/>\n1- Sal de lim\u00f3n<br \/>\n2-Sal Naranja y Pimienta<\/p>\n<h4>&#8212;&#8212;&#8212;&#8212;&#8212;&#8212;&#8212;&#8212;&#8212;&#8212;&#8212;&#8212;&#8212;&#8212;&#8212;&#8212;&#8212;&#8212;&#8212;&#8212;&#8212;&#8212;&#8212;&#8212;&#8212;&#8212;&#8212;&#8212;&#8212;&#8212;&#8212;&#8212;&#8211;<\/h4>\n<p>Uso Comprobado (tener presente que todas las personas no son iguales a la recepci\u00f3n del picor):<br \/>\nPara un vaso de 350ml de cerveza (14cm altura, volumen 35cl = 350ml)<br \/>\n<strong>PICOR LEVE Y SUAVE:<\/strong> 1g de Michelada Mix Y 350ml de Cerveza<br \/>\n<strong>PICOR INTERMEDIO:<\/strong> 2g de michelada Mix y 350ml de Cerveza<br \/>\n<strong>PICOR FUERTE:<\/strong> g al gusto del cliente y 350ml de Cerveza<\/p>\n<h4><strong>RECOMENDACI\u00d3N PARA RECETA ORIGINAL<\/strong><\/h4>\n<p>Unir a la preparaci\u00f3n un poquito de ( 1 u otra ):<br \/>\n-Salsa Inglesa<br \/>\n-Kermato (jugo de tomate)<\/p>\n<p>Michelada Mix es una mezcla vibrante y equilibrada dise\u00f1ada para darle a tus bebidas un sabor aut\u00e9ntico, fresco y picante. Combina notas c\u00edtricas, salinas y ligeramente especiadas que se integran perfectamente con cerveza, agua mineral o jugos, logrando una michelada perfecta en segundos. Ideal para reuniones, parrilladas, fiestas o para disfrutar un momento refrescante en casa.<\/p>\n<h4><strong>Beneficios para la salud<\/strong><\/h4>\n<p>-Mezcla natural de especias y c\u00edtricos, sin colorantes artificiales.<br \/>\n-Aporta minerales esenciales si contiene sal de calidad como sal marina o sal rosada.<br \/>\n-Favorece la digesti\u00f3n, gracias a ingredientes como lim\u00f3n deshidratado o chile suave.<br \/>\n-Permite reducir el consumo de productos procesados, reemplazando mezclas comerciales cargadas de aditivos.<\/p>\n<h4><strong>Usos sugeridos<\/strong><\/h4>\n<p>-Micheladas cl\u00e1sicas: solo agrega al interior del vaso y revuelve directamente en la bebida. (la mezcla es picante, se hace menos micante al convinarse con la bebida. Si escarchas el vaso con la mezcla, su picor ser\u00eda mas intenso)<br \/>\n-Micheladas picantes: mezcla con cerveza rubia o \u00e1mbar para un toque m\u00e1s intenso.<br \/>\n-C\u00f3cteles refrescantes: ideal con agua mineral, gaseosa de lim\u00f3n o jugo de tomate.<br \/>\n-Rim para vasos: No usalarlo en el borde del vaso con lim\u00f3n para una presentaci\u00f3n profesional. A menos que soporte el picante.<br \/>\n-Aderezo ligero: funciona muy bien en frutas frescas como mango, pi\u00f1a o sand\u00eda.<br \/>\n-Toque especial en snacks: espolvorea sobre papas fritas o frutos secos para un sabor explosivo.<\/p>\n","protected":false},"excerpt":{"rendered":"<p>(sal marina, lim\u00f3n, pimienta negra, chiles (tabasco, amaz\u00f3nico, habanero)<\/p>\n","protected":false},"featured_media":2922,"template":"","meta":{"_uag_custom_page_level_css":"","site-sidebar-layout":"default","site-content-layout":"","ast-site-content-layout":"default","site-content-style":"default","site-sidebar-style":"default","ast-global-header-display":"","ast-banner-title-visibility":"","ast-main-header-display":"","ast-hfb-above-header-display":"","ast-hfb-below-header-display":"","ast-hfb-mobile-header-display":"","site-post-title":"","ast-breadcrumbs-content":"","ast-featured-img":"","footer-sml-layout":"","ast-disable-related-posts":"","theme-transparent-header-meta":"default","adv-header-id-meta":"","stick-header-meta":"","header-above-stick-meta":"","header-main-stick-meta":"","header-below-stick-meta":"","astra-migrate-meta-layouts":"set","ast-page-background-enabled":"default","ast-page-background-meta":{"desktop":{"background-color":"var(--ast-global-color-4)","background-image":"","background-repeat":"repeat","background-position":"center center","background-size":"auto","background-attachment":"scroll","background-type":"","background-media":"","overlay-type":"","overlay-color":"","overlay-opacity":"","overlay-gradient":""},"tablet":{"background-color":"","background-image":"","background-repeat":"repeat","background-position":"center center","background-size":"auto","background-attachment":"scroll","background-type":"","background-media":"","overlay-type":"","overlay-color":"","overlay-opacity":"","overlay-gradient":""},"mobile":{"background-color":"","background-image":"","background-repeat":"repeat","background-position":"center center","background-size":"auto","background-attachment":"scroll","background-type":"","background-media":"","overlay-type":"","overlay-color":"","overlay-opacity":"","overlay-gradient":""}},"ast-content-background-meta":{"desktop":{"background-color":"var(--ast-global-color-5)","background-image":"","background-repeat":"repeat","background-position":"center center","background-size":"auto","background-attachment":"scroll","background-type":"","background-media":"","overlay-type":"","overlay-color":"","overlay-opacity":"","overlay-gradient":""},"tablet":{"background-color":"var(--ast-global-color-5)","background-image":"","background-repeat":"repeat","background-position":"center center","background-size":"auto","background-attachment":"scroll","background-type":"","background-media":"","overlay-type":"","overlay-color":"","overlay-opacity":"","overlay-gradient":""},"mobile":{"background-color":"var(--ast-global-color-5)","background-image":"","background-repeat":"repeat","background-position":"center center","background-size":"auto","background-attachment":"scroll","background-type":"","background-media":"","overlay-type":"","overlay-color":"","overlay-opacity":"","overlay-gradient":""}},"_joinchat":[]},"product_brand":[35],"product_cat":[41,66],"product_tag":[63,62,39],"class_list":{"0":"post-2917","1":"product","2":"type-product","3":"status-publish","4":"has-post-thumbnail","6":"product_brand-especias-bi","7":"product_cat-infusion-te-bebidas","8":"product_cat-todos-los-productos","9":"product_tag-grano-medio","10":"product_tag-mezcla","11":"product_tag-molido","12":"desktop-align-center","13":"tablet-align-left","14":"mobile-align-left","16":"first","17":"instock","18":"shipping-taxable","19":"purchasable","20":"product-type-simple"},"uagb_featured_image_src":{"full":["https:\/\/especiasbi.com\/tienda\/wp-content\/uploads\/2025\/12\/Michelada-Mix.jpg",664,800,false],"thumbnail":["https:\/\/especiasbi.com\/tienda\/wp-content\/uploads\/2025\/12\/Michelada-Mix-150x150.jpg",150,150,true],"medium":["https:\/\/especiasbi.com\/tienda\/wp-content\/uploads\/2025\/12\/Michelada-Mix-249x300.jpg",249,300,true],"medium_large":["https:\/\/especiasbi.com\/tienda\/wp-content\/uploads\/2025\/12\/Michelada-Mix.jpg",664,800,false],"large":["https:\/\/especiasbi.com\/tienda\/wp-content\/uploads\/2025\/12\/Michelada-Mix.jpg",664,800,false],"1536x1536":["https:\/\/especiasbi.com\/tienda\/wp-content\/uploads\/2025\/12\/Michelada-Mix.jpg",664,800,false],"2048x2048":["https:\/\/especiasbi.com\/tienda\/wp-content\/uploads\/2025\/12\/Michelada-Mix.jpg",664,800,false],"woocommerce_thumbnail":["https:\/\/especiasbi.com\/tienda\/wp-content\/uploads\/2025\/12\/Michelada-Mix-300x300.jpg",300,300,true],"woocommerce_single":["https:\/\/especiasbi.com\/tienda\/wp-content\/uploads\/2025\/12\/Michelada-Mix-600x723.jpg",600,723,true],"woocommerce_gallery_thumbnail":["https:\/\/especiasbi.com\/tienda\/wp-content\/uploads\/2025\/12\/Michelada-Mix-100x100.jpg",100,100,true]},"uagb_author_info":{"display_name":"Especias Bi \/ Tienda","author_link":"https:\/\/especiasbi.com\/tienda\/author\/"},"uagb_comment_info":0,"uagb_excerpt":"(sal marina, lim\u00f3n, pimienta negra, chiles (tabasco, amaz\u00f3nico, habanero)","_links":{"self":[{"href":"https:\/\/especiasbi.com\/tienda\/wp-json\/wp\/v2\/product\/2917","targetHints":{"allow":["GET"]}}],"collection":[{"href":"https:\/\/especiasbi.com\/tienda\/wp-json\/wp\/v2\/product"}],"about":[{"href":"https:\/\/especiasbi.com\/tienda\/wp-json\/wp\/v2\/types\/product"}],"wp:featuredmedia":[{"embeddable":true,"href":"https:\/\/especiasbi.com\/tienda\/wp-json\/wp\/v2\/media\/2922"}],"wp:attachment":[{"href":"https:\/\/especiasbi.com\/tienda\/wp-json\/wp\/v2\/media?parent=2917"}],"wp:term":[{"taxonomy":"product_brand","embeddable":true,"href":"https:\/\/especiasbi.com\/tienda\/wp-json\/wp\/v2\/product_brand?post=2917"},{"taxonomy":"product_cat","embeddable":true,"href":"https:\/\/especiasbi.com\/tienda\/wp-json\/wp\/v2\/product_cat?post=2917"},{"taxonomy":"product_tag","embeddable":true,"href":"https:\/\/especiasbi.com\/tienda\/wp-json\/wp\/v2\/product_tag?post=2917"}],"curies":[{"name":"wp","href":"https:\/\/api.w.org\/{rel}","templated":true}]}}